{"id":2022,"date":"2021-01-06T06:55:31","date_gmt":"2021-01-06T06:55:31","guid":{"rendered":"https:\/\/gonsalvesinka.com\/?page_id=2022"},"modified":"2022-11-28T07:36:22","modified_gmt":"2022-11-28T07:36:22","slug":"a-propos-de-nous","status":"publish","type":"page","link":"https:\/\/gonsalvesinka.com\/?page_id=2022&lang=fr","title":{"rendered":"\u00e0 propos de nous"},"content":{"rendered":"<h1>\u00e0 propos de nous<\/h1>\n<h3>ACCUEIL<\/h3>\n<h4>Gonsalves &amp; Inka Immigration services Inc.<\/h4>\n<p>Notre bureau est constitu\u00e9 de consultants qualifi\u00e9s et exp\u00e9riment\u00e9s en immigration Canadienne. Nos consultants sont titulaires de permis en r\u00e8gle du Coll\u00e8ge d&#8217;immigration et de citoyennet\u00e9 du Canada (CICC). Ils d\u00e9tiennent un Dipl\u00f4me d&#8217;Etudes Sup\u00e9rieures en droit de l&#8217;immigration et de citoyennet\u00e9 Canadienne de l&#8217;Universit\u00e9 Queen&#8217;s au Canada.<\/p>\n<ul>\n<li>\n\t\t\t\t\t\t\t\t\t\t\u00c9valuation gratuite<\/li>\n<li>\n\t\t\t\t\t\t\t\t\t\tCalcul des points<\/li>\n<li>\n\t\t\t\t\t\t\t\t\t\tR\u00e9server une consultation en ligne<\/li>\n<\/ul>\n<p><a href=\"https:\/\/gonsalvesinka.com\/?page_id=771\" role=\"button\"><br \/>\nR\u00e9server une consultation en ligne<br \/>\n<\/a><br \/>\n0<br \/>\n%<br \/>\nEFFICACIT\u00c9<br \/>\n0<br \/>\n%<br \/>\nSolutions l\u00e9gales<br \/>\n0<br \/>\n%<br \/>\nLa satisfaction des clients<br \/>\n0<br \/>\n%<br \/>\nTaux de r\u00e9ussite<\/p>\n<h3>Gonsalves &amp; inka Immigration Services inc.<\/h3>\n<h2>DESCRIPTION SOMMAIRE<\/h2>\n<p>Parcourir le syst\u00e8me d&#8217;immigration peut \u00eatre un d\u00e9fi, vous aurez besoin d&#8217;aide en cours de route.&nbsp; Il est donc important que vous choisissiez la bonne entreprise ou le bon consultant. Il est \u00e9galement crucial que vous v\u00e9rifiez si le repr\u00e9sentant est un membre en r\u00e8gle de l&#8217;ordre professionnel.<\/p>\n<p>Chez Gonsalves &amp; Inka, vous pouvez \u00eatre assur\u00e9 que votre demande est entre les mains de professionnels comp\u00e9tents, des consultants exp\u00e9riment\u00e9s et agr\u00e9\u00e9s en mati\u00e8re d&#8217;immigration.<\/p>\n<p><a href=\"https:\/\/www.facebook.com\/profile.php?id=100087427837532\"><br \/>\n<\/a><\/p>\n<h3>Les membres de l&#8217;\u00e9quipe<\/h3>\n<h2>\u00c9QUIPE PROFESSIONNELLE<\/h2>\n<p>Notre \u00e9quipe repr\u00e9sente la diversit\u00e9 des clients que nous servons. Nous prenons soin de nos clients depuis la consultation initiale jusqu&#8217;\u00e0 la finalisation de leur dossier.&nbsp; Avec un sens d&#8217;attention in\u00e9branlable pour les d\u00e9tails, nous vous assisterons dans le processus de demande du d\u00e9but \u00e0 la fin.<\/p>\n<p><img decoding=\"async\" width=\"59\" height=\"10\" src=\"https:\/\/gonsalvesinka.com\/wp-content\/uploads\/2022\/11\/title-bg-white.png\" alt=\"\" loading=\"lazy\"><\/p>\n<p>&#8220;Comme les lois et les politiques r\u00e9gissant l&#8217;immigration canadienne changent relativement fr\u00e9quemment, les professionnels du domaine sont une source tr\u00e8s importante de conseils et d&#8217;orientation dans ce processus. Nous sommes form\u00e9s pour aider les clients \u00e0 obtenir un r\u00e9sultat positif, en particulier dans les cas o\u00f9 la loi laisse une certaine marge de man\u0153uvre dans la prise de d\u00e9cision administrative. &#8221;<\/p>\n<h3>Lisa-Ann Christian<\/h3>\n<p>Woodbridge Ontario, Canada<\/p>\n<p>&#8220;Les opportunit\u00e9s offertes par le Canada ont rendu le r\u00eave r\u00e9el, du moins pour un grand nombre d&#8217;entre eux ; mais le r\u00eave lui-m\u00eame \u00e9tait en grande partie le produit de millions de personnes ordinaires qui d\u00e9butaient une nouvelle vie avec la conviction que celle-ci sera meilleure.&#8221;<\/p>\n<h3>In\u00e8s Nkanira<\/h3>\n<p>British Columbia, Canada<\/p>\n<h3>Immigration services in Canada<\/h3>\n<h2>NOS OBJECTIFS<\/h2>\n<p><img decoding=\"async\" width=\"1000\" height=\"750\" src=\"https:\/\/gonsalvesinka.com\/wp-content\/uploads\/2022\/10\/mimi-thian-737711-unsplash.jpg\" alt=\"\" loading=\"lazy\" srcset=\"https:\/\/gonsalvesinka.com\/wp-content\/uploads\/2022\/10\/mimi-thian-737711-unsplash.jpg 1000w, https:\/\/gonsalvesinka.com\/wp-content\/uploads\/2022\/10\/mimi-thian-737711-unsplash-300x225.jpg 300w, https:\/\/gonsalvesinka.com\/wp-content\/uploads\/2022\/10\/mimi-thian-737711-unsplash-768x576.jpg 768w\" sizes=\"(max-width: 1000px) 100vw, 1000px\"><\/p>\n<h3>Notre   mission<\/h3>\n<p>Notre mission est de fournir \u00e0 nos clients des services d&#8217;immigration transparents et efficaces, du d\u00e9but jusqu&#8217;\u00e0 leur installation au Canada. Lorsque vous choisissez les services d&#8217;immigration de Gonsalves et Inka, vous ne choisissez pas n&#8217;importe quelle agence, vous choisissez en fait de devenir un membre pr\u00e9cieux d&#8217;une \u00e9quipe de professionnels qui font preuve de compassion, de soutien et qui resteront toujours \u00e0 votre disposition tout au long du processus.<\/p>\n<h3>notre  vision<\/h3>\n<p>Notre vision est de transformer positivement la vie des personnes que nous servons. Nous nous engageons \u00e0 gagner votre confiance. Nos consultants s&#8217;engagent \u00e0 fournir des \u00e9valuations approfondies et des conseils transparents, afin de d\u00e9terminer les meilleures solutions d&#8217;immigration pour nos clients.<\/p>\n<p><img decoding=\"async\" width=\"1000\" height=\"667\" src=\"https:\/\/gonsalvesinka.com\/wp-content\/uploads\/2022\/10\/nesa-by-makers-701360-unsplash.jpg\" alt=\"\" loading=\"lazy\" srcset=\"https:\/\/gonsalvesinka.com\/wp-content\/uploads\/2022\/10\/nesa-by-makers-701360-unsplash.jpg 1000w, https:\/\/gonsalvesinka.com\/wp-content\/uploads\/2022\/10\/nesa-by-makers-701360-unsplash-300x200.jpg 300w, https:\/\/gonsalvesinka.com\/wp-content\/uploads\/2022\/10\/nesa-by-makers-701360-unsplash-768x512.jpg 768w\" sizes=\"(max-width: 1000px) 100vw, 1000px\"><\/p>\n","protected":false},"excerpt":{"rendered":"<p>\u00e0 propos de nous ACCUEIL Gonsalves &amp; Inka Immigration services Inc. Notre bureau est constitu\u00e9 de consultants qualifi\u00e9s et exp\u00e9riment\u00e9s en immigration Canadienne. Nos consultants sont titulaires de permis en r\u00e8gle du Coll\u00e8ge d&#8217;immigration et de citoyennet\u00e9 du Canada (CICC). Ils d\u00e9tiennent un Dipl\u00f4me d&#8217;Etudes Sup\u00e9rieures en droit de l&#8217;immigration et de citoyennet\u00e9 Canadienne de &hellip;<\/p>\n<p class=\"read-more\"> <a class=\"\" href=\"https:\/\/gonsalvesinka.com\/?page_id=2022&#038;lang=fr\"> <span class=\"screen-reader-text\">\u00e0 propos de nous<\/span> Read More &raquo;<\/a><\/p>\n","protected":false},"author":1,"featured_media":0,"parent":0,"menu_order":0,"comment_status":"closed","ping_status":"closed","template":"","meta":{"site-sidebar-layout":"no-sidebar","site-content-layout":"page-builder","ast-global-header-display":"","ast-main-header-display":"","ast-hfb-above-header-display":"","ast-hfb-below-header-display":"","ast-hfb-mobile-header-display":"","site-post-title":"disabled","ast-breadcrumbs-content":"","ast-featured-img":"disabled","footer-sml-layout":"","theme-transparent-header-meta":"enabled","adv-header-id-meta":"","stick-header-meta":"","header-above-stick-meta":"","header-main-stick-meta":"","header-below-stick-meta":""},"yoast_head":"<!-- This site is optimized with the Yoast SEO plugin v19.10 - https:\/\/yoast.com\/wordpress\/plugins\/seo\/ -->\n<title>\u00e0 propos de nous - gonsalvesinka.com<\/title>\n<meta name=\"robots\" content=\"index, follow, max-snippet:-1, max-image-preview:large, max-video-preview:-1\" \/>\n<link rel=\"canonical\" href=\"https:\/\/gonsalvesinka.com\/?page_id=2022&lang=fr\" \/>\n<meta property=\"og:locale\" content=\"en_US\" \/>\n<meta property=\"og:type\" content=\"article\" \/>\n<meta property=\"og:title\" content=\"\u00e0 propos de nous - gonsalvesinka.com\" \/>\n<meta property=\"og:description\" content=\"\u00e0 propos de nous ACCUEIL Gonsalves &amp; Inka Immigration services Inc. Notre bureau est constitu\u00e9 de consultants qualifi\u00e9s et exp\u00e9riment\u00e9s en immigration Canadienne. Nos consultants sont titulaires de permis en r\u00e8gle du Coll\u00e8ge d&#8217;immigration et de citoyennet\u00e9 du Canada (CICC). Ils d\u00e9tiennent un Dipl\u00f4me d&#8217;Etudes Sup\u00e9rieures en droit de l&#8217;immigration et de citoyennet\u00e9 Canadienne de &hellip; \u00e0 propos de nous Read More &raquo;\" \/>\n<meta property=\"og:url\" content=\"https:\/\/gonsalvesinka.com\/?page_id=2022&amp;lang=fr\" \/>\n<meta property=\"og:site_name\" content=\"gonsalvesinka.com\" \/>\n<meta property=\"article:publisher\" content=\"https:\/\/www.facebook.com\/profile.php?id=100087427837532\" \/>\n<meta property=\"article:modified_time\" content=\"2022-11-28T07:36:22+00:00\" \/>\n<meta property=\"og:image\" content=\"https:\/\/gonsalvesinka.com\/wp-content\/uploads\/2022\/11\/title-bg-white.png\" \/>\n<meta name=\"twitter:card\" content=\"summary_large_image\" \/>\n<meta name=\"twitter:label1\" content=\"Est. reading time\" \/>\n\t<meta name=\"twitter:data1\" content=\"3 minutes\" \/>\n<script type=\"application\/ld+json\" class=\"yoast-schema-graph\">{\"@context\":\"https:\/\/schema.org\",\"@graph\":[{\"@type\":\"WebPage\",\"@id\":\"https:\/\/gonsalvesinka.com\/?page_id=2022&lang=fr\",\"url\":\"https:\/\/gonsalvesinka.com\/?page_id=2022&lang=fr\",\"name\":\"\u00e0 propos de nous - gonsalvesinka.com\",\"isPartOf\":{\"@id\":\"https:\/\/gonsalvesinka.com\/#website\"},\"datePublished\":\"2021-01-06T06:55:31+00:00\",\"dateModified\":\"2022-11-28T07:36:22+00:00\",\"breadcrumb\":{\"@id\":\"https:\/\/gonsalvesinka.com\/?page_id=2022&lang=fr#breadcrumb\"},\"inLanguage\":\"en-US\",\"potentialAction\":[{\"@type\":\"ReadAction\",\"target\":[\"https:\/\/gonsalvesinka.com\/?page_id=2022&lang=fr\"]}]},{\"@type\":\"BreadcrumbList\",\"@id\":\"https:\/\/gonsalvesinka.com\/?page_id=2022&lang=fr#breadcrumb\",\"itemListElement\":[{\"@type\":\"ListItem\",\"position\":1,\"name\":\"Home\",\"item\":\"https:\/\/gonsalvesinka.com\/\"},{\"@type\":\"ListItem\",\"position\":2,\"name\":\"\u00e0 propos de nous\"}]},{\"@type\":\"WebSite\",\"@id\":\"https:\/\/gonsalvesinka.com\/#website\",\"url\":\"https:\/\/gonsalvesinka.com\/\",\"name\":\"gonsalvesinka.com\",\"description\":\"Professional, Confidential Efficient Immigration Services.\",\"publisher\":{\"@id\":\"https:\/\/gonsalvesinka.com\/#organization\"},\"potentialAction\":[{\"@type\":\"SearchAction\",\"target\":{\"@type\":\"EntryPoint\",\"urlTemplate\":\"https:\/\/gonsalvesinka.com\/?s={search_term_string}\"},\"query-input\":\"required name=search_term_string\"}],\"inLanguage\":\"en-US\"},{\"@type\":\"Organization\",\"@id\":\"https:\/\/gonsalvesinka.com\/#organization\",\"name\":\"gonsalvesinka.com\",\"url\":\"https:\/\/gonsalvesinka.com\/\",\"logo\":{\"@type\":\"ImageObject\",\"inLanguage\":\"en-US\",\"@id\":\"https:\/\/gonsalvesinka.com\/#\/schema\/logo\/image\/\",\"url\":\"https:\/\/gonsalvesinka.com\/wp-content\/uploads\/2022\/11\/logo-FB-01-scaled.jpg\",\"contentUrl\":\"https:\/\/gonsalvesinka.com\/wp-content\/uploads\/2022\/11\/logo-FB-01-scaled.jpg\",\"width\":2560,\"height\":2340,\"caption\":\"gonsalvesinka.com\"},\"image\":{\"@id\":\"https:\/\/gonsalvesinka.com\/#\/schema\/logo\/image\/\"},\"sameAs\":[\"https:\/\/www.facebook.com\/profile.php?id=100087427837532\"]}]}<\/script>\n<!-- \/ Yoast SEO plugin. -->","yoast_head_json":{"title":"\u00e0 propos de nous - gonsalvesinka.com","robots":{"index":"index","follow":"follow","max-snippet":"max-snippet:-1","max-image-preview":"max-image-preview:large","max-video-preview":"max-video-preview:-1"},"canonical":"https:\/\/gonsalvesinka.com\/?page_id=2022&lang=fr","og_locale":"en_US","og_type":"article","og_title":"\u00e0 propos de nous - gonsalvesinka.com","og_description":"\u00e0 propos de nous ACCUEIL Gonsalves &amp; Inka Immigration services Inc. Notre bureau est constitu\u00e9 de consultants qualifi\u00e9s et exp\u00e9riment\u00e9s en immigration Canadienne. Nos consultants sont titulaires de permis en r\u00e8gle du Coll\u00e8ge d&#8217;immigration et de citoyennet\u00e9 du Canada (CICC). Ils d\u00e9tiennent un Dipl\u00f4me d&#8217;Etudes Sup\u00e9rieures en droit de l&#8217;immigration et de citoyennet\u00e9 Canadienne de &hellip; \u00e0 propos de nous Read More &raquo;","og_url":"https:\/\/gonsalvesinka.com\/?page_id=2022&lang=fr","og_site_name":"gonsalvesinka.com","article_publisher":"https:\/\/www.facebook.com\/profile.php?id=100087427837532","article_modified_time":"2022-11-28T07:36:22+00:00","og_image":[{"url":"https:\/\/gonsalvesinka.com\/wp-content\/uploads\/2022\/11\/title-bg-white.png"}],"twitter_card":"summary_large_image","twitter_misc":{"Est. reading time":"3 minutes"},"schema":{"@context":"https:\/\/schema.org","@graph":[{"@type":"WebPage","@id":"https:\/\/gonsalvesinka.com\/?page_id=2022&lang=fr","url":"https:\/\/gonsalvesinka.com\/?page_id=2022&lang=fr","name":"\u00e0 propos de nous - gonsalvesinka.com","isPartOf":{"@id":"https:\/\/gonsalvesinka.com\/#website"},"datePublished":"2021-01-06T06:55:31+00:00","dateModified":"2022-11-28T07:36:22+00:00","breadcrumb":{"@id":"https:\/\/gonsalvesinka.com\/?page_id=2022&lang=fr#breadcrumb"},"inLanguage":"en-US","potentialAction":[{"@type":"ReadAction","target":["https:\/\/gonsalvesinka.com\/?page_id=2022&lang=fr"]}]},{"@type":"BreadcrumbList","@id":"https:\/\/gonsalvesinka.com\/?page_id=2022&lang=fr#breadcrumb","itemListElement":[{"@type":"ListItem","position":1,"name":"Home","item":"https:\/\/gonsalvesinka.com\/"},{"@type":"ListItem","position":2,"name":"\u00e0 propos de nous"}]},{"@type":"WebSite","@id":"https:\/\/gonsalvesinka.com\/#website","url":"https:\/\/gonsalvesinka.com\/","name":"gonsalvesinka.com","description":"Professional, Confidential Efficient Immigration Services.","publisher":{"@id":"https:\/\/gonsalvesinka.com\/#organization"},"potentialAction":[{"@type":"SearchAction","target":{"@type":"EntryPoint","urlTemplate":"https:\/\/gonsalvesinka.com\/?s={search_term_string}"},"query-input":"required name=search_term_string"}],"inLanguage":"en-US"},{"@type":"Organization","@id":"https:\/\/gonsalvesinka.com\/#organization","name":"gonsalvesinka.com","url":"https:\/\/gonsalvesinka.com\/","logo":{"@type":"ImageObject","inLanguage":"en-US","@id":"https:\/\/gonsalvesinka.com\/#\/schema\/logo\/image\/","url":"https:\/\/gonsalvesinka.com\/wp-content\/uploads\/2022\/11\/logo-FB-01-scaled.jpg","contentUrl":"https:\/\/gonsalvesinka.com\/wp-content\/uploads\/2022\/11\/logo-FB-01-scaled.jpg","width":2560,"height":2340,"caption":"gonsalvesinka.com"},"image":{"@id":"https:\/\/gonsalvesinka.com\/#\/schema\/logo\/image\/"},"sameAs":["https:\/\/www.facebook.com\/profile.php?id=100087427837532"]}]}},"_links":{"self":[{"href":"https:\/\/gonsalvesinka.com\/index.php?rest_route=\/wp\/v2\/pages\/2022"}],"collection":[{"href":"https:\/\/gonsalvesinka.com\/index.php?rest_route=\/wp\/v2\/pages"}],"about":[{"href":"https:\/\/gonsalvesinka.com\/index.php?rest_route=\/wp\/v2\/types\/page"}],"author":[{"embeddable":true,"href":"https:\/\/gonsalvesinka.com\/index.php?rest_route=\/wp\/v2\/users\/1"}],"replies":[{"embeddable":true,"href":"https:\/\/gonsalvesinka.com\/index.php?rest_route=%2Fwp%2Fv2%2Fcomments&post=2022"}],"version-history":[{"count":9,"href":"https:\/\/gonsalvesinka.com\/index.php?rest_route=\/wp\/v2\/pages\/2022\/revisions"}],"predecessor-version":[{"id":2213,"href":"https:\/\/gonsalvesinka.com\/index.php?rest_route=\/wp\/v2\/pages\/2022\/revisions\/2213"}],"wp:attachment":[{"href":"https:\/\/gonsalvesinka.com\/index.php?rest_route=%2Fwp%2Fv2%2Fmedia&parent=2022"}],"curies":[{"name":"wp","href":"https:\/\/api.w.org\/{rel}","templated":true}]}}