{"id":2045,"date":"2022-10-16T12:29:21","date_gmt":"2022-10-16T12:29:21","guid":{"rendered":"https:\/\/gonsalvesinka.com\/?page_id=2045"},"modified":"2022-11-26T18:30:55","modified_gmt":"2022-11-26T18:30:55","slug":"citoyennete","status":"publish","type":"page","link":"https:\/\/gonsalvesinka.com\/?page_id=2045&lang=fr","title":{"rendered":"citoyennet\u00e9"},"content":{"rendered":"\t\t<div data-elementor-type=\"wp-page\" data-elementor-id=\"2045\" class=\"elementor elementor-2045\">\n\t\t\t\t\t\t<div class=\"elementor-inner\">\n\t\t\t\t<div class=\"elementor-section-wrap\">\n\t\t\t\t\t\t\t\t\t<section class=\"elementor-section elementor-top-section elementor-element elementor-element-1fcf1003 elementor-section-height-min-height elementor-section-boxed elementor-section-height-default elementor-section-items-middle\" data-id=\"1fcf1003\" data-element_type=\"section\" data-settings=\"{&quot;background_background&quot;:&quot;classic&quot;}\">\n\t\t\t\t\t\t\t<div class=\"elementor-background-overlay\"><\/div>\n\t\t\t\t\t\t\t<div class=\"elementor-container elementor-column-gap-default\">\n\t\t\t\t\t\t\t<div class=\"elementor-row\">\n\t\t\t\t\t<div class=\"elementor-column elementor-col-100 elementor-top-column elementor-element elementor-element-57aa0916\" data-id=\"57aa0916\" data-element_type=\"column\">\n\t\t\t<div class=\"elementor-column-wrap elementor-element-populated\">\n\t\t\t\t\t\t\t<div class=\"elementor-widget-wrap\">\n\t\t\t\t\t\t<div class=\"elementor-element elementor-element-6fe8500b elementor-view-default elementor-invisible elementor-widget elementor-widget-icon\" data-id=\"6fe8500b\" data-element_type=\"widget\" data-settings=\"{&quot;_animation&quot;:&quot;fadeInDown&quot;,&quot;_animation_delay&quot;:500}\" data-widget_type=\"icon.default\">\n\t\t\t\t<div class=\"elementor-widget-container\">\n\t\t\t\t\t<div class=\"elementor-icon-wrapper\">\n\t\t\t<div class=\"elementor-icon\">\n\t\t\t<i aria-hidden=\"true\" class=\"fas fa-chevron-down\"><\/i>\t\t\t<\/div>\n\t\t<\/div>\n\t\t\t\t<\/div>\n\t\t\t\t<\/div>\n\t\t\t\t\t\t<\/div>\n\t\t\t\t\t<\/div>\n\t\t<\/div>\n\t\t\t\t\t\t\t\t<\/div>\n\t\t\t\t\t<\/div>\n\t\t<\/section>\n\t\t\t\t<section class=\"elementor-section elementor-top-section elementor-element elementor-element-4158c7b elementor-section-boxed elementor-section-height-default elementor-section-height-default\" data-id=\"4158c7b\" data-element_type=\"section\">\n\t\t\t\t\t\t<div class=\"elementor-container elementor-column-gap-default\">\n\t\t\t\t\t\t\t<div class=\"elementor-row\">\n\t\t\t\t\t<div class=\"elementor-column elementor-col-100 elementor-top-column elementor-element elementor-element-c61cc3c\" data-id=\"c61cc3c\" data-element_type=\"column\">\n\t\t\t<div class=\"elementor-column-wrap elementor-element-populated\">\n\t\t\t\t\t\t\t<div class=\"elementor-widget-wrap\">\n\t\t\t\t\t\t<div class=\"elementor-element elementor-element-14ec592 elementor-widget elementor-widget-spacer\" data-id=\"14ec592\" data-element_type=\"widget\" data-widget_type=\"spacer.default\">\n\t\t\t\t<div class=\"elementor-widget-container\">\n\t\t\t\t\t<div class=\"elementor-spacer\">\n\t\t\t<div class=\"elementor-spacer-inner\"><\/div>\n\t\t<\/div>\n\t\t\t\t<\/div>\n\t\t\t\t<\/div>\n\t\t\t\t<section class=\"elementor-section elementor-inner-section elementor-element elementor-element-d6b2f00 elementor-section-boxed elementor-section-height-default elementor-section-height-default\" data-id=\"d6b2f00\" data-element_type=\"section\">\n\t\t\t\t\t\t<div class=\"elementor-container elementor-column-gap-wide\">\n\t\t\t\t\t\t\t<div class=\"elementor-row\">\n\t\t\t\t\t<div class=\"elementor-column elementor-col-50 elementor-inner-column elementor-element elementor-element-d50ec62\" data-id=\"d50ec62\" data-element_type=\"column\">\n\t\t\t<div class=\"elementor-column-wrap elementor-element-populated\">\n\t\t\t\t\t\t\t<div class=\"elementor-widget-wrap\">\n\t\t\t\t\t\t<div class=\"elementor-element elementor-element-e8de51d elementor-widget elementor-widget-heading\" data-id=\"e8de51d\" data-element_type=\"widget\" data-widget_type=\"heading.default\">\n\t\t\t\t<div class=\"elementor-widget-container\">\n\t\t\t<h2 class=\"elementor-heading-title elementor-size-default\">citoyennet\u00e9 canadienne<\/h2>\t\t<\/div>\n\t\t\t\t<\/div>\n\t\t\t\t<div class=\"elementor-element elementor-element-f74f219 elementor-widget elementor-widget-heading\" data-id=\"f74f219\" data-element_type=\"widget\" data-widget_type=\"heading.default\">\n\t\t\t\t<div class=\"elementor-widget-container\">\n\t\t\t<h2 class=\"elementor-heading-title elementor-size-default\">\u00cates-vous pr\u00eat \u00e0 devenir un citoyen canadien ? \n<\/h2>\t\t<\/div>\n\t\t\t\t<\/div>\n\t\t\t\t<div class=\"elementor-element elementor-element-5d30b88 elementor-widget elementor-widget-text-editor\" data-id=\"5d30b88\" data-element_type=\"widget\" data-widget_type=\"text-editor.default\">\n\t\t\t\t<div class=\"elementor-widget-container\">\n\t\t\t\t\t\t\t\t<div class=\"elementor-text-editor elementor-clearfix\">\n\t\t\t\t<p><span style=\"font-weight: 400;\">Notre \u00e9quipe d&#8217;experts peut vous aider \u00e0 d\u00e9terminer si vous \u00eates \u00e9ligible pour demander la citoyennet\u00e9 canadienne, vous assister dans votre demande de citoyennet\u00e9 et vous conseiller sur les \u00e9tapes \u00e0 suivre pour l&#8217;obtenir.<\/span><\/p>\t\t\t\t\t<\/div>\n\t\t\t\t\t\t<\/div>\n\t\t\t\t<\/div>\n\t\t\t\t<div class=\"elementor-element elementor-element-c3cb0f4 elementor-widget elementor-widget-text-editor\" data-id=\"c3cb0f4\" data-element_type=\"widget\" data-widget_type=\"text-editor.default\">\n\t\t\t\t<div class=\"elementor-widget-container\">\n\t\t\t\t\t\t\t\t<div class=\"elementor-text-editor elementor-clearfix\">\n\t\t\t\t<p><span style=\"font-weight: 400;\">Pour devenir un citoyen canadien, la plupart des demandeurs<br \/><br \/>doivent : <\/span><\/p><p><span style=\"font-weight: 400;\">&#8211; \u00eatre un r\u00e9sident permanent <\/span><\/p><p><span style=\"font-weight: 400;\">-avoir v\u00e9cu au Canada pendant au moins trois ans sur cinq.<\/span><\/p><p><span style=\"font-weight: 400;\">-avoir rempli leur d\u00e9claration de revenus<\/span><\/p><p><span style=\"font-weight: 400;\">-passer un examen de citoyennet\u00e9\u00a0<\/span><\/p><p><span style=\"font-weight: 400;\">-prouver leurs comp\u00e9tences linguistiques en anglais ou en<br \/><br \/>fran\u00e7ais. <\/span><\/p>\t\t\t\t\t<\/div>\n\t\t\t\t\t\t<\/div>\n\t\t\t\t<\/div>\n\t\t\t\t<div class=\"elementor-element elementor-element-b17cebb elementor-widget elementor-widget-text-editor\" data-id=\"b17cebb\" data-element_type=\"widget\" data-widget_type=\"text-editor.default\">\n\t\t\t\t<div class=\"elementor-widget-container\">\n\t\t\t\t\t\t\t\t<div class=\"elementor-text-editor elementor-clearfix\">\n\t\t\t\t<p><strong>Si vous avez besoin d&#8217;aide, veuillez prendre rendez-vous pour une consultation afin d&#8217;obtenir des conseils et de l&#8217;aide pour votre demande.<\/strong><\/p>\t\t\t\t\t<\/div>\n\t\t\t\t\t\t<\/div>\n\t\t\t\t<\/div>\n\t\t\t\t\t\t<\/div>\n\t\t\t\t\t<\/div>\n\t\t<\/div>\n\t\t\t\t<div class=\"elementor-column elementor-col-50 elementor-inner-column elementor-element elementor-element-e2e37a9\" data-id=\"e2e37a9\" data-element_type=\"column\">\n\t\t\t<div class=\"elementor-column-wrap elementor-element-populated\">\n\t\t\t\t\t\t\t<div class=\"elementor-widget-wrap\">\n\t\t\t\t\t\t<div class=\"elementor-element elementor-element-98c0724 elementor-widget elementor-widget-image\" data-id=\"98c0724\" data-element_type=\"widget\" data-widget_type=\"image.default\">\n\t\t\t\t<div class=\"elementor-widget-container\">\n\t\t\t\t\t\t\t\t<div class=\"elementor-image\">\n\t\t\t\t\t\t\t\t\t\t\t\t<img decoding=\"async\" width=\"749\" height=\"1024\" src=\"https:\/\/gonsalvesinka.com\/wp-content\/uploads\/2022\/11\/pexels-alesia-kozik-7075190-01-e1668447550708-749x1024.jpg\" class=\"attachment-large size-large\" alt=\"\" srcset=\"https:\/\/gonsalvesinka.com\/wp-content\/uploads\/2022\/11\/pexels-alesia-kozik-7075190-01-e1668447550708-749x1024.jpg 749w, https:\/\/gonsalvesinka.com\/wp-content\/uploads\/2022\/11\/pexels-alesia-kozik-7075190-01-e1668447550708-219x300.jpg 219w, https:\/\/gonsalvesinka.com\/wp-content\/uploads\/2022\/11\/pexels-alesia-kozik-7075190-01-e1668447550708-768x1050.jpg 768w, https:\/\/gonsalvesinka.com\/wp-content\/uploads\/2022\/11\/pexels-alesia-kozik-7075190-01-e1668447550708-1124x1536.jpg 1124w, https:\/\/gonsalvesinka.com\/wp-content\/uploads\/2022\/11\/pexels-alesia-kozik-7075190-01-e1668447550708.jpg 1351w\" sizes=\"(max-width: 749px) 100vw, 749px\" \/>\t\t\t\t\t\t\t\t\t\t\t\t\t\t<\/div>\n\t\t\t\t\t\t<\/div>\n\t\t\t\t<\/div>\n\t\t\t\t\t\t<\/div>\n\t\t\t\t\t<\/div>\n\t\t<\/div>\n\t\t\t\t\t\t\t\t<\/div>\n\t\t\t\t\t<\/div>\n\t\t<\/section>\n\t\t\t\t\t\t<\/div>\n\t\t\t\t\t<\/div>\n\t\t<\/div>\n\t\t\t\t\t\t\t\t<\/div>\n\t\t\t\t\t<\/div>\n\t\t<\/section>\n\t\t\t\t<section class=\"elementor-section elementor-top-section elementor-element elementor-element-66b9729 elementor-section-boxed elementor-section-height-default elementor-section-height-default\" data-id=\"66b9729\" data-element_type=\"section\">\n\t\t\t\t\t\t<div class=\"elementor-container elementor-column-gap-default\">\n\t\t\t\t\t\t\t<div class=\"elementor-row\">\n\t\t\t\t\t<div class=\"elementor-column elementor-col-100 elementor-top-column elementor-element elementor-element-a9cad14\" data-id=\"a9cad14\" data-element_type=\"column\">\n\t\t\t<div class=\"elementor-column-wrap elementor-element-populated\">\n\t\t\t\t\t\t\t<div class=\"elementor-widget-wrap\">\n\t\t\t\t\t\t<div class=\"elementor-element elementor-element-65d951c elementor-widget elementor-widget-spacer\" data-id=\"65d951c\" data-element_type=\"widget\" data-widget_type=\"spacer.default\">\n\t\t\t\t<div class=\"elementor-widget-container\">\n\t\t\t\t\t<div class=\"elementor-spacer\">\n\t\t\t<div class=\"elementor-spacer-inner\"><\/div>\n\t\t<\/div>\n\t\t\t\t<\/div>\n\t\t\t\t<\/div>\n\t\t\t\t<div class=\"elementor-element elementor-element-758eb37 elementor-widget elementor-widget-heading\" data-id=\"758eb37\" data-element_type=\"widget\" data-widget_type=\"heading.default\">\n\t\t\t\t<div class=\"elementor-widget-container\">\n\t\t\t<h2 class=\"elementor-heading-title elementor-size-default\">Modifications de la Loi sur la citoyennet\u00e9 canadienne \n<\/h2>\t\t<\/div>\n\t\t\t\t<\/div>\n\t\t\t\t<div class=\"elementor-element elementor-element-f4c3885 elementor-widget elementor-widget-text-editor\" data-id=\"f4c3885\" data-element_type=\"widget\" data-widget_type=\"text-editor.default\">\n\t\t\t\t<div class=\"elementor-widget-container\">\n\t\t\t\t\t\t\t\t<div class=\"elementor-text-editor elementor-clearfix\">\n\t\t\t\t<p><span style=\"font-weight: 400;\">La Loi sur la citoyennet\u00e9 canadienne a \u00e9t\u00e9 modifi\u00e9e le 17 avril 2009 pour accorder lacitoyennet\u00e9 \u00e0 certaines personnes qui l&#8217;avaient perdue, ainsi qu&#8217;\u00e0 d&#8217;autres qui ont \u00e9t\u00e9 reconnues comme citoyens pour la premi\u00e8re fois.\u00a0<\/span><\/p>\t\t\t\t\t<\/div>\n\t\t\t\t\t\t<\/div>\n\t\t\t\t<\/div>\n\t\t\t\t<div class=\"elementor-element elementor-element-c10748a elementor-widget elementor-widget-text-editor\" data-id=\"c10748a\" data-element_type=\"widget\" data-widget_type=\"text-editor.default\">\n\t\t\t\t<div class=\"elementor-widget-container\">\n\t\t\t\t\t\t\t\t<div class=\"elementor-text-editor elementor-clearfix\">\n\t\t\t\t<p><span style=\"font-weight: 400;\">La citoyennet\u00e9 a \u00e9t\u00e9 restitu\u00e9e aux personnes qui \u00e9taient devenues citoyennes lors de l&#8217;entr\u00e9e en vigueur de la premi\u00e8re Loi sur la citoyennet\u00e9, le 1er janvier 1947, aux personnes n\u00e9es au Canada ou \u00e0 celles qui sont devenues citoyennes le 1er janvier 1947 ou apr\u00e8s cette date et qui ont perdu leur citoyennet\u00e9 par la suite, et aux personnes n\u00e9es de la premi\u00e8re g\u00e9n\u00e9ration d&#8217;un citoyen canadien \u00e0 l&#8217;ext\u00e9rieur du Canada le 1er janvier 1947 ou apr\u00e8s cette date. En vertu de la nouvelle loi, certaines personnes, y compris celles qui r\u00e9pondent \u00e0 ces exigences, peuvent obtenir la citoyennet\u00e9 pour la premi\u00e8re fois.<\/span><\/p>\t\t\t\t\t<\/div>\n\t\t\t\t\t\t<\/div>\n\t\t\t\t<\/div>\n\t\t\t\t<div class=\"elementor-element elementor-element-4ff8ceb elementor-widget elementor-widget-text-editor\" data-id=\"4ff8ceb\" data-element_type=\"widget\" data-widget_type=\"text-editor.default\">\n\t\t\t\t<div class=\"elementor-widget-container\">\n\t\t\t\t\t\t\t\t<div class=\"elementor-text-editor elementor-clearfix\">\n\t\t\t\t<p><span style=\"font-weight: 400;\">Les enfants n\u00e9s de parents canadiens de premi\u00e8re g\u00e9n\u00e9ration \u00e0 l&#8217;ext\u00e9rieur du Canada ne peuvent \u00eatre citoyens canadiens \u00e0 la naissance que si l&#8217;un des parents est n\u00e9 au Canada ou si l&#8217;un des parents est devenu citoyen par immigration et a obtenu la citoyennet\u00e9 par la suite (naturalisation).\u00a0<\/span><\/p>\t\t\t\t\t<\/div>\n\t\t\t\t\t\t<\/div>\n\t\t\t\t<\/div>\n\t\t\t\t<div class=\"elementor-element elementor-element-85b1960 elementor-widget elementor-widget-heading\" data-id=\"85b1960\" data-element_type=\"widget\" data-widget_type=\"heading.default\">\n\t\t\t\t<div class=\"elementor-widget-container\">\n\t\t\t<h2 class=\"elementor-heading-title elementor-size-default\">Exigences et exemptions en mati\u00e8re de citoyennet\u00e9 Canadienne \n<\/h2>\t\t<\/div>\n\t\t\t\t<\/div>\n\t\t\t\t<div class=\"elementor-element elementor-element-9068cdc elementor-widget elementor-widget-text-editor\" data-id=\"9068cdc\" data-element_type=\"widget\" data-widget_type=\"text-editor.default\">\n\t\t\t\t<div class=\"elementor-widget-container\">\n\t\t\t\t\t\t\t\t<div class=\"elementor-text-editor elementor-clearfix\">\n\t\t\t\t<p><span style=\"font-weight: 400;\">En g\u00e9n\u00e9ral, les personnes qui demandent la citoyennet\u00e9 canadienne doivent satisfaireaux trois exigences suivantes :\u00a0<\/span><\/p><p><span style=\"font-weight: 400;\">1) \u00eatre \u00e2g\u00e9 de 18 ans\u00a0<\/span><\/p><p><span style=\"font-weight: 400;\">2) \u00eatre un r\u00e9sident permanent du Canada\u00a0<\/span><\/p><p><span style=\"font-weight: 400;\">3) Remplir les conditions de r\u00e9sidence (s\u00e9jour au Canada 1095 au cours des 1460 derniers jours &#8211; trois ann\u00e9es sur quatre).\u00a0<\/span><\/p><p><strong>Toutefois, si le demandeur est un enfant \u00e2g\u00e9 de moins de 18 ans, les circonstances suivantes doivent \u00eatre remplies :\u00a0<\/strong><\/p><ol><li><span style=\"font-weight: 400;\"> L&#8217;enfant doit \u00eatre un r\u00e9sident permanent\u00a0<\/span><\/li><li><span style=\"font-weight: 400;\"> L&#8217;enfant n&#8217;a pas besoin de vivre au Canada pendant trois ans.\u00a0<\/span><\/li><li><span style=\"font-weight: 400;\"> Le parent de l&#8217;enfant, le parent adoptif ou le tuteur l\u00e9gal de l&#8217;enfant et l&#8217;un des parents est d\u00e9j\u00e0 un citoyen canadien ou est en train de demander la citoyennet\u00e9. Celas&#8217;applique \u00e9galement aux parents adoptifs.\u00a0<\/span><\/li><\/ol><p><span style=\"font-weight: 400;\">En outre, le demandeur doit satisfaire \u00e0 deux autres exigences : 1) exigence linguistique (\u00eatre capable de comprendre et de parler l&#8217;anglais ou le fran\u00e7ais de base) ; et 2) connaissance des exigences canadiennes (histoire, g\u00e9ographie, gouvernement et droits et responsabilit\u00e9s li\u00e9s \u00e0 la citoyennet\u00e9 canadienne). Il est n\u00e9cessaire de joindreun test linguistique \u00e0 la demande et de passer un test pour d\u00e9montrer la connaissancedu Canada. Les personnes \u00e2g\u00e9es de plus de 55 ans sont exempt\u00e9es de ces deux exigences.\u00a0<\/span><\/p><p><span style=\"font-weight: 400;\">En outre, votre statut de r\u00e9sident permanent au Canada ne doit jamais \u00eatre remis enquestion. Ce qui signifie que vous ne devez pas participer \u00e0 une enqu\u00eate d&#8217;immigration ou \u00e0 une mesure de renvoi.\u00a0<\/span><\/p><p><span style=\"font-weight: 400;\">Les demandeurs qui sont des r\u00e9sidents permanents du Canada peuvent recevoir une demi-journ\u00e9e de cr\u00e9dit, jusqu&#8217;\u00e0 un maximum d&#8217;un an, pour chaque jour pass\u00e9 au Canada.<\/span><\/p>\t\t\t\t\t<\/div>\n\t\t\t\t\t\t<\/div>\n\t\t\t\t<\/div>\n\t\t\t\t\t\t<\/div>\n\t\t\t\t\t<\/div>\n\t\t<\/div>\n\t\t\t\t\t\t\t\t<\/div>\n\t\t\t\t\t<\/div>\n\t\t<\/section>\n\t\t\t\t\t\t\t\t\t<\/div>\n\t\t\t<\/div>\n\t\t\t\t\t<\/div>\n\t\t","protected":false},"excerpt":{"rendered":"<p>citoyennet\u00e9 canadienne \u00cates-vous pr\u00eat \u00e0 devenir un citoyen canadien ? Notre \u00e9quipe d&#8217;experts peut vous aider \u00e0 d\u00e9terminer si vous \u00eates \u00e9ligible pour demander la citoyennet\u00e9 canadienne, vous assister dans votre demande de citoyennet\u00e9 et vous conseiller sur les \u00e9tapes \u00e0 suivre pour l&#8217;obtenir. Pour devenir un citoyen canadien, la plupart des demandeurs doivent : &hellip;<\/p>\n<p class=\"read-more\"> <a class=\"\" href=\"https:\/\/gonsalvesinka.com\/?page_id=2045&#038;lang=fr\"> <span class=\"screen-reader-text\">citoyennet\u00e9<\/span> Read More &raquo;<\/a><\/p>\n","protected":false},"author":1,"featured_media":0,"parent":0,"menu_order":0,"comment_status":"closed","ping_status":"closed","template":"","meta":{"site-sidebar-layout":"no-sidebar","site-content-layout":"page-builder","ast-global-header-display":"","ast-main-header-display":"","ast-hfb-above-header-display":"","ast-hfb-below-header-display":"","ast-hfb-mobile-header-display":"","site-post-title":"disabled","ast-breadcrumbs-content":"","ast-featured-img":"disabled","footer-sml-layout":"","theme-transparent-header-meta":"","adv-header-id-meta":"","stick-header-meta":"","header-above-stick-meta":"","header-main-stick-meta":"","header-below-stick-meta":""},"yoast_head":"<!-- This site is optimized with the Yoast SEO plugin v19.10 - https:\/\/yoast.com\/wordpress\/plugins\/seo\/ -->\n<title>citoyennet\u00e9 - gonsalvesinka.com<\/title>\n<meta name=\"robots\" content=\"index, follow, max-snippet:-1, max-image-preview:large, max-video-preview:-1\" \/>\n<link rel=\"canonical\" href=\"https:\/\/gonsalvesinka.com\/?page_id=2045&lang=fr\" \/>\n<meta property=\"og:locale\" content=\"en_US\" \/>\n<meta property=\"og:type\" content=\"article\" \/>\n<meta property=\"og:title\" content=\"citoyennet\u00e9 - gonsalvesinka.com\" \/>\n<meta property=\"og:description\" content=\"citoyennet\u00e9 canadienne \u00cates-vous pr\u00eat \u00e0 devenir un citoyen canadien ? Notre \u00e9quipe d&#8217;experts peut vous aider \u00e0 d\u00e9terminer si vous \u00eates \u00e9ligible pour demander la citoyennet\u00e9 canadienne, vous assister dans votre demande de citoyennet\u00e9 et vous conseiller sur les \u00e9tapes \u00e0 suivre pour l&#8217;obtenir. Pour devenir un citoyen canadien, la plupart des demandeurs doivent : &hellip; citoyennet\u00e9 Read More &raquo;\" \/>\n<meta property=\"og:url\" content=\"https:\/\/gonsalvesinka.com\/?page_id=2045&amp;lang=fr\" \/>\n<meta property=\"og:site_name\" content=\"gonsalvesinka.com\" \/>\n<meta property=\"article:publisher\" content=\"https:\/\/www.facebook.com\/profile.php?id=100087427837532\" \/>\n<meta property=\"article:modified_time\" content=\"2022-11-26T18:30:55+00:00\" \/>\n<meta property=\"og:image\" content=\"https:\/\/gonsalvesinka.com\/wp-content\/uploads\/2022\/11\/pexels-alesia-kozik-7075190-01-e1668447550708-749x1024.jpg\" \/>\n<meta name=\"twitter:card\" content=\"summary_large_image\" \/>\n<meta name=\"twitter:label1\" content=\"Est. reading time\" \/>\n\t<meta name=\"twitter:data1\" content=\"3 minutes\" \/>\n<script type=\"application\/ld+json\" class=\"yoast-schema-graph\">{\"@context\":\"https:\/\/schema.org\",\"@graph\":[{\"@type\":\"WebPage\",\"@id\":\"https:\/\/gonsalvesinka.com\/?page_id=2045&lang=fr\",\"url\":\"https:\/\/gonsalvesinka.com\/?page_id=2045&lang=fr\",\"name\":\"citoyennet\u00e9 - gonsalvesinka.com\",\"isPartOf\":{\"@id\":\"https:\/\/gonsalvesinka.com\/#website\"},\"datePublished\":\"2022-10-16T12:29:21+00:00\",\"dateModified\":\"2022-11-26T18:30:55+00:00\",\"breadcrumb\":{\"@id\":\"https:\/\/gonsalvesinka.com\/?page_id=2045&lang=fr#breadcrumb\"},\"inLanguage\":\"en-US\",\"potentialAction\":[{\"@type\":\"ReadAction\",\"target\":[\"https:\/\/gonsalvesinka.com\/?page_id=2045&lang=fr\"]}]},{\"@type\":\"BreadcrumbList\",\"@id\":\"https:\/\/gonsalvesinka.com\/?page_id=2045&lang=fr#breadcrumb\",\"itemListElement\":[{\"@type\":\"ListItem\",\"position\":1,\"name\":\"Home\",\"item\":\"https:\/\/gonsalvesinka.com\/\"},{\"@type\":\"ListItem\",\"position\":2,\"name\":\"citoyennet\u00e9\"}]},{\"@type\":\"WebSite\",\"@id\":\"https:\/\/gonsalvesinka.com\/#website\",\"url\":\"https:\/\/gonsalvesinka.com\/\",\"name\":\"gonsalvesinka.com\",\"description\":\"Professional, Confidential Efficient Immigration Services.\",\"publisher\":{\"@id\":\"https:\/\/gonsalvesinka.com\/#organization\"},\"potentialAction\":[{\"@type\":\"SearchAction\",\"target\":{\"@type\":\"EntryPoint\",\"urlTemplate\":\"https:\/\/gonsalvesinka.com\/?s={search_term_string}\"},\"query-input\":\"required name=search_term_string\"}],\"inLanguage\":\"en-US\"},{\"@type\":\"Organization\",\"@id\":\"https:\/\/gonsalvesinka.com\/#organization\",\"name\":\"gonsalvesinka.com\",\"url\":\"https:\/\/gonsalvesinka.com\/\",\"logo\":{\"@type\":\"ImageObject\",\"inLanguage\":\"en-US\",\"@id\":\"https:\/\/gonsalvesinka.com\/#\/schema\/logo\/image\/\",\"url\":\"https:\/\/gonsalvesinka.com\/wp-content\/uploads\/2022\/11\/logo-FB-01-scaled.jpg\",\"contentUrl\":\"https:\/\/gonsalvesinka.com\/wp-content\/uploads\/2022\/11\/logo-FB-01-scaled.jpg\",\"width\":2560,\"height\":2340,\"caption\":\"gonsalvesinka.com\"},\"image\":{\"@id\":\"https:\/\/gonsalvesinka.com\/#\/schema\/logo\/image\/\"},\"sameAs\":[\"https:\/\/www.facebook.com\/profile.php?id=100087427837532\"]}]}<\/script>\n<!-- \/ Yoast SEO plugin. -->","yoast_head_json":{"title":"citoyennet\u00e9 - gonsalvesinka.com","robots":{"index":"index","follow":"follow","max-snippet":"max-snippet:-1","max-image-preview":"max-image-preview:large","max-video-preview":"max-video-preview:-1"},"canonical":"https:\/\/gonsalvesinka.com\/?page_id=2045&lang=fr","og_locale":"en_US","og_type":"article","og_title":"citoyennet\u00e9 - gonsalvesinka.com","og_description":"citoyennet\u00e9 canadienne \u00cates-vous pr\u00eat \u00e0 devenir un citoyen canadien ? Notre \u00e9quipe d&#8217;experts peut vous aider \u00e0 d\u00e9terminer si vous \u00eates \u00e9ligible pour demander la citoyennet\u00e9 canadienne, vous assister dans votre demande de citoyennet\u00e9 et vous conseiller sur les \u00e9tapes \u00e0 suivre pour l&#8217;obtenir. Pour devenir un citoyen canadien, la plupart des demandeurs doivent : &hellip; citoyennet\u00e9 Read More &raquo;","og_url":"https:\/\/gonsalvesinka.com\/?page_id=2045&lang=fr","og_site_name":"gonsalvesinka.com","article_publisher":"https:\/\/www.facebook.com\/profile.php?id=100087427837532","article_modified_time":"2022-11-26T18:30:55+00:00","og_image":[{"url":"https:\/\/gonsalvesinka.com\/wp-content\/uploads\/2022\/11\/pexels-alesia-kozik-7075190-01-e1668447550708-749x1024.jpg"}],"twitter_card":"summary_large_image","twitter_misc":{"Est. reading time":"3 minutes"},"schema":{"@context":"https:\/\/schema.org","@graph":[{"@type":"WebPage","@id":"https:\/\/gonsalvesinka.com\/?page_id=2045&lang=fr","url":"https:\/\/gonsalvesinka.com\/?page_id=2045&lang=fr","name":"citoyennet\u00e9 - gonsalvesinka.com","isPartOf":{"@id":"https:\/\/gonsalvesinka.com\/#website"},"datePublished":"2022-10-16T12:29:21+00:00","dateModified":"2022-11-26T18:30:55+00:00","breadcrumb":{"@id":"https:\/\/gonsalvesinka.com\/?page_id=2045&lang=fr#breadcrumb"},"inLanguage":"en-US","potentialAction":[{"@type":"ReadAction","target":["https:\/\/gonsalvesinka.com\/?page_id=2045&lang=fr"]}]},{"@type":"BreadcrumbList","@id":"https:\/\/gonsalvesinka.com\/?page_id=2045&lang=fr#breadcrumb","itemListElement":[{"@type":"ListItem","position":1,"name":"Home","item":"https:\/\/gonsalvesinka.com\/"},{"@type":"ListItem","position":2,"name":"citoyennet\u00e9"}]},{"@type":"WebSite","@id":"https:\/\/gonsalvesinka.com\/#website","url":"https:\/\/gonsalvesinka.com\/","name":"gonsalvesinka.com","description":"Professional, Confidential Efficient Immigration Services.","publisher":{"@id":"https:\/\/gonsalvesinka.com\/#organization"},"potentialAction":[{"@type":"SearchAction","target":{"@type":"EntryPoint","urlTemplate":"https:\/\/gonsalvesinka.com\/?s={search_term_string}"},"query-input":"required name=search_term_string"}],"inLanguage":"en-US"},{"@type":"Organization","@id":"https:\/\/gonsalvesinka.com\/#organization","name":"gonsalvesinka.com","url":"https:\/\/gonsalvesinka.com\/","logo":{"@type":"ImageObject","inLanguage":"en-US","@id":"https:\/\/gonsalvesinka.com\/#\/schema\/logo\/image\/","url":"https:\/\/gonsalvesinka.com\/wp-content\/uploads\/2022\/11\/logo-FB-01-scaled.jpg","contentUrl":"https:\/\/gonsalvesinka.com\/wp-content\/uploads\/2022\/11\/logo-FB-01-scaled.jpg","width":2560,"height":2340,"caption":"gonsalvesinka.com"},"image":{"@id":"https:\/\/gonsalvesinka.com\/#\/schema\/logo\/image\/"},"sameAs":["https:\/\/www.facebook.com\/profile.php?id=100087427837532"]}]}},"_links":{"self":[{"href":"https:\/\/gonsalvesinka.com\/index.php?rest_route=\/wp\/v2\/pages\/2045"}],"collection":[{"href":"https:\/\/gonsalvesinka.com\/index.php?rest_route=\/wp\/v2\/pages"}],"about":[{"href":"https:\/\/gonsalvesinka.com\/index.php?rest_route=\/wp\/v2\/types\/page"}],"author":[{"embeddable":true,"href":"https:\/\/gonsalvesinka.com\/index.php?rest_route=\/wp\/v2\/users\/1"}],"replies":[{"embeddable":true,"href":"https:\/\/gonsalvesinka.com\/index.php?rest_route=%2Fwp%2Fv2%2Fcomments&post=2045"}],"version-history":[{"count":9,"href":"https:\/\/gonsalvesinka.com\/index.php?rest_route=\/wp\/v2\/pages\/2045\/revisions"}],"predecessor-version":[{"id":2207,"href":"https:\/\/gonsalvesinka.com\/index.php?rest_route=\/wp\/v2\/pages\/2045\/revisions\/2207"}],"wp:attachment":[{"href":"https:\/\/gonsalvesinka.com\/index.php?rest_route=%2Fwp%2Fv2%2Fmedia&parent=2045"}],"curies":[{"name":"wp","href":"https:\/\/api.w.org\/{rel}","templated":true}]}}