{"id":2052,"date":"2022-10-16T12:32:40","date_gmt":"2022-10-16T12:32:40","guid":{"rendered":"https:\/\/gonsalvesinka.com\/?page_id=2052"},"modified":"2022-11-26T17:57:36","modified_gmt":"2022-11-26T17:57:36","slug":"permis-de-travail","status":"publish","type":"page","link":"https:\/\/gonsalvesinka.com\/?page_id=2052&lang=fr","title":{"rendered":"Permis de travail"},"content":{"rendered":"\t\t<div data-elementor-type=\"wp-page\" data-elementor-id=\"2052\" class=\"elementor elementor-2052\">\n\t\t\t\t\t\t<div class=\"elementor-inner\">\n\t\t\t\t<div class=\"elementor-section-wrap\">\n\t\t\t\t\t\t\t\t\t<section class=\"elementor-section elementor-top-section elementor-element elementor-element-4fd926e8 elementor-section-height-min-height elementor-section-boxed elementor-section-height-default elementor-section-items-middle\" data-id=\"4fd926e8\" data-element_type=\"section\" data-settings=\"{&quot;background_background&quot;:&quot;classic&quot;}\">\n\t\t\t\t\t\t\t<div class=\"elementor-background-overlay\"><\/div>\n\t\t\t\t\t\t\t<div class=\"elementor-container elementor-column-gap-default\">\n\t\t\t\t\t\t\t<div class=\"elementor-row\">\n\t\t\t\t\t<div class=\"elementor-column elementor-col-100 elementor-top-column elementor-element elementor-element-53f14da0\" data-id=\"53f14da0\" data-element_type=\"column\">\n\t\t\t<div class=\"elementor-column-wrap elementor-element-populated\">\n\t\t\t\t\t\t\t<div class=\"elementor-widget-wrap\">\n\t\t\t\t\t\t<div class=\"elementor-element elementor-element-36334971 elementor-view-default elementor-invisible elementor-widget elementor-widget-icon\" data-id=\"36334971\" data-element_type=\"widget\" data-settings=\"{&quot;_animation&quot;:&quot;fadeInDown&quot;,&quot;_animation_delay&quot;:500}\" data-widget_type=\"icon.default\">\n\t\t\t\t<div class=\"elementor-widget-container\">\n\t\t\t\t\t<div class=\"elementor-icon-wrapper\">\n\t\t\t<div class=\"elementor-icon\">\n\t\t\t<i aria-hidden=\"true\" class=\"fas fa-chevron-down\"><\/i>\t\t\t<\/div>\n\t\t<\/div>\n\t\t\t\t<\/div>\n\t\t\t\t<\/div>\n\t\t\t\t\t\t<\/div>\n\t\t\t\t\t<\/div>\n\t\t<\/div>\n\t\t\t\t\t\t\t\t<\/div>\n\t\t\t\t\t<\/div>\n\t\t<\/section>\n\t\t\t\t<section class=\"elementor-section elementor-top-section elementor-element elementor-element-15fb7927 elementor-section-full_width elementor-section-height-default elementor-section-height-default\" data-id=\"15fb7927\" data-element_type=\"section\" id=\"xs_tab_10\" data-settings=\"{&quot;background_background&quot;:&quot;classic&quot;}\">\n\t\t\t\t\t\t<div class=\"elementor-container elementor-column-gap-default\">\n\t\t\t\t\t\t\t<div class=\"elementor-row\">\n\t\t\t\t\t<div class=\"elementor-column elementor-col-100 elementor-top-column elementor-element elementor-element-555a309\" data-id=\"555a309\" data-element_type=\"column\">\n\t\t\t<div class=\"elementor-column-wrap elementor-element-populated\">\n\t\t\t\t\t\t\t<div class=\"elementor-widget-wrap\">\n\t\t\t\t\t\t<section class=\"elementor-section elementor-inner-section elementor-element elementor-element-731a8dc9 elementor-section-full_width elementor-section-height-default elementor-section-height-default\" data-id=\"731a8dc9\" data-element_type=\"section\">\n\t\t\t\t\t\t<div class=\"elementor-container elementor-column-gap-default\">\n\t\t\t\t\t\t\t<div class=\"elementor-row\">\n\t\t\t\t\t<div class=\"elementor-column elementor-col-100 elementor-inner-column elementor-element elementor-element-113b4a13\" data-id=\"113b4a13\" data-element_type=\"column\">\n\t\t\t<div class=\"elementor-column-wrap elementor-element-populated\">\n\t\t\t\t\t\t\t<div class=\"elementor-widget-wrap\">\n\t\t\t\t\t\t<div class=\"elementor-element elementor-element-74367a59 elementor-widget elementor-widget-elementskit-heading\" data-id=\"74367a59\" data-element_type=\"widget\" data-widget_type=\"elementskit-heading.default\">\n\t\t\t\t<div class=\"elementor-widget-container\">\n\t\t\t<div class=\"ekit-wid-con\" ><div class=\"ekit-heading elementskit-section-title-wraper text_left   ekit_heading_tablet-   ekit_heading_mobile-\"><h2 class=\"ekit-heading--title elementskit-section-title \">\n\t\t\t\t\tPermis de travail canadien - Immigration qualifi\u00e8e\n\t\t\t\t\t<\/h2>\t\t\t\t<div class='ekit-heading__description'>\n\t\t\t\t\t<p>Les ressortissants \u00e9trangers qui souhaitent entrer sur le march\u00e9 du travail canadien ont besoin d'un document l\u00e9gal leur accordant la permission d'exercer un emploi au Canada. Le gouvernement canadien a cr\u00e9\u00e9 plusieurs programmes pour aider \u00e0 faire venir au Canada des personnes exp\u00e9riment\u00e9es et qualifi\u00e9es. Gonsalves &amp; Inka peut vous aider \u00e0 choisir parmi les options applicables \u00e0 votre cas.<\/p>\n\t\t\t\t<\/div>\n\t\t\t<\/div><\/div>\t\t<\/div>\n\t\t\t\t<\/div>\n\t\t\t\t<div class=\"elementor-element elementor-element-40ea722c elementor-widget elementor-widget-elementskit-simple-tab\" data-id=\"40ea722c\" data-element_type=\"widget\" data-widget_type=\"elementskit-simple-tab.default\">\n\t\t\t\t<div class=\"elementor-widget-container\">\n\t\t\t<div class=\"ekit-wid-con\" >        <div class=\"elementkit-tab-wraper  \">\n            <ul class=\"nav nav-tabs elementkit-tab-nav  elementskit_heartbit_style elementskit_heartbit_style elementskit-fullwidth-tab\" role=\"tablist\">\n                                    <li class=\"elementkit-nav-item elementor-repeater-item-32f43c2\">\n                        <a class=\"elementkit-nav-link  active show left-pos\" id=\"content-32f43c269f21162e7436-tab\" data-ekit-handler-id=\"pptpd-\" data-ekit-toggle=\"tab\" data-target=\"#content-32f43c269f21162e7436\" href=\"#Content-32f43c269f21162e7436\"\n                            data-ekit-toggle-trigger=\"click\"\n                            role=\"tab\" aria-controls=\"Content-32f43c269f21162e7436\" aria-selected=\"true\">\n                            <span class=\"icon icon-checkmark-circle elementskit-tab-icon\"><\/span>                            <span class=\"elementskit-tab-title\">PPTPD <\/span>\n                        <\/a>\n                    <\/li>\n                                        <li class=\"elementkit-nav-item elementor-repeater-item-e7fb3c4\">\n                        <a class=\"elementkit-nav-link  left-pos\" id=\"content-e7fb3c469f21162e7436-tab\" data-ekit-handler-id=\"tet-eimt\" data-ekit-toggle=\"tab\" data-target=\"#content-e7fb3c469f21162e7436\" href=\"#Content-e7fb3c469f21162e7436\"\n                            data-ekit-toggle-trigger=\"click\"\n                            role=\"tab\" aria-controls=\"Content-e7fb3c469f21162e7436\" aria-selected=\"true\">\n                            <span class=\"icon icon-checkmark-circle elementskit-tab-icon\"><\/span>                            <span class=\"elementskit-tab-title\">TET\/EIMT<\/span>\n                        <\/a>\n                    <\/li>\n                                        <li class=\"elementkit-nav-item elementor-repeater-item-00f52ae\">\n                        <a class=\"elementkit-nav-link  left-pos\" id=\"content-00f52ae69f21162e7436-tab\" data-ekit-handler-id=\"l-alena\" data-ekit-toggle=\"tab\" data-target=\"#content-00f52ae69f21162e7436\" href=\"#Content-00f52ae69f21162e7436\"\n                            data-ekit-toggle-trigger=\"click\"\n                            role=\"tab\" aria-controls=\"Content-00f52ae69f21162e7436\" aria-selected=\"true\">\n                            <span class=\"icon icon-checkmark-circle elementskit-tab-icon\"><\/span>                            <span class=\"elementskit-tab-title\">L&#039;ALENA<\/span>\n                        <\/a>\n                    <\/li>\n                                <\/ul>\n\n            <div class=\"tab-content elementkit-tab-content\">\n                                    <div class=\"tab-pane elementkit-tab-pane elementor-repeater-item-32f43c2  active show\" id=\"content-32f43c269f21162e7436\" role=\"tabpanel\"\n                         aria-labelledby=\"content-32f43c269f21162e7436-tab\">\n                        <div class=\"animated fadeIn\">\n                            <p><span style=\"font-weight: 400;\">Le Programme de permis de travail post-dipl\u00f4me (PPTPD) permet aux \u00e9tudiants internationaux qui ont obtenu un dipl\u00f4me d&#8217;un institut d&#8217;apprentissage d\u00e9sign\u00e9 (IAD) canadien, de travailler \u00e0 temps plein au Canada.\u00a0<\/span><\/p><p><span style=\"font-weight: 400;\">La dur\u00e9e du PGWP varie de 8 mois \u00e0 3 ans et est bas\u00e9e sur la dur\u00e9e du programme d&#8217;\u00e9tudes. Une fois que vous avez obtenu un dipl\u00f4me de premier cycle de 4 ans, vous pouvez \u00eatre admissible \u00e0 un PPTPD de 3 ans. <br \/><\/span><\/p><p><b>Faits :\u00a0<\/b><\/p><ul><li><span style=\"font-weight: 400;\">Vous devez pr\u00e9senter votre demande avant l&#8217;expiration de votre permis d&#8217;\u00e9tudes.\u00a0<\/span><\/li><li><span style=\"font-weight: 400;\">Vous ne pouvez pr\u00e9senter une demande qu&#8217;apr\u00e8s avoir re\u00e7u une lettre de fin d\u2019\u00e9tudes de la part de la facult\u00e9 d&#8217;un \u00e9tablissement d\u2019enseignement d\u00e9sign\u00e9 (EED) que vous avez fr\u00e9quent\u00e9.\u00a0<\/span><\/li><li><span style=\"font-weight: 400;\">La demande de PPTPD doit \u00eatre soumise dans les 90 jours suivant la d\u00e9livrance de votre lettre d&#8217;ach\u00e8vement.<\/span><\/li><li><span style=\"font-weight: 400;\">Le PPTPD n&#8217;est d\u00e9livr\u00e9 qu&#8217;une seule fois. Si vous envisagez de poursuivre vos \u00e9tudes, vous devez pr\u00e9senter votre demande apr\u00e8s avoir termin\u00e9 le deuxi\u00e8me programme. <\/span><\/li><\/ul><p>\u00a0<\/p>                        <\/div>\n                    <\/div>\n                                    <div class=\"tab-pane elementkit-tab-pane elementor-repeater-item-e7fb3c4 \" id=\"content-e7fb3c469f21162e7436\" role=\"tabpanel\"\n                         aria-labelledby=\"content-e7fb3c469f21162e7436-tab\">\n                        <div class=\"animated fadeIn\">\n                            <p><span style=\"font-weight: 400;\">Le Programme des travailleurs \u00e9trangers temporaires (TET) est un programme dugouvernement canadien qui permet aux employeurs au Canada d&#8217;embaucher des ressortissants \u00e9trangers. Les travailleurs \u00e9trangers temporaires (TET) occupent des postes qui n&#8217;ont pas \u00e9t\u00e9 pourvus par des Canadiens.\u00a0<\/span><\/p><p><span style=\"font-weight: 400;\">L&#8217;objectif du programme est de rem\u00e9dier aux p\u00e9nuries de comp\u00e9tences et de stimuler la croissance \u00e9conomique au Canada. Au d\u00e9part, le programme \u00e9tait destin\u00e9 aux infirmi\u00e8res et aux travailleurs agricoles, mais aujourd&#8217;hui, il offre des possibilit\u00e9s d&#8217;emploi au Canada tant aux travailleurs hautement qualifi\u00e9s qu&#8217;aux travailleurs moins qualifi\u00e9s.\u00a0<\/span><\/p><p><span style=\"font-weight: 400;\">Les entreprises peuvent \u00eatre amen\u00e9es \u00e0 demander une \u00e9tude d&#8217;impact sur le march\u00e9 dutravail (EIMT) avant d&#8217;embaucher un ressortissant \u00e9tranger. Une \u00e9tude d&#8217;impact sur lemarch\u00e9 du travail (EIMT) est \u00e9galement n\u00e9cessaire pour l&#8217;approbation pr\u00e9alable de l&#8217;embauche de nombreux ressortissants \u00e9trangers dans une m\u00eame organisation. Une \u00e9tude d&#8217;impact sur le march\u00e9 du travail (EIMT) positive d\u00e9montrera qu&#8217;il existe une demande pour un travailleur \u00e9tranger afin de remplir les fonctions d&#8217;une professionet qu&#8217;aucun professionnel canadien n&#8217;est disponible pour occuper le poste.\u00a0<\/span><\/p><p><span style=\"font-weight: 400;\">L&#8217;\u00e9valuation de l&#8217;impact sur le march\u00e9 du travail (EIMT) est un processus tr\u00e8s complet. Les documents doivent \u00eatre remplis avec un haut degr\u00e9 de pr\u00e9cision, avant d&#8217;\u00eatre soumis \u00e0 Emploi et D\u00e9veloppement Social Canada (EDSC) pour approbation.\u00a0<\/span><\/p><p><strong>Contactez Gonsalves &amp; Inka pour obtenir de l&#8217;aide dans ce labyrinthe juridique.\u00a0<\/strong><\/p><p><span style=\"font-weight: 400;\">En tant qu&#8217;entreprise, vous devrez peut-\u00eatre demander une \u00e9tude d&#8217;impact sur le march\u00e9 du travail (EIMT) avant de pouvoir engager un ressortissant \u00e9tranger ou d&#8217;obtenir l&#8217;autorisation pr\u00e9alable d&#8217;engager un grand nombre de ressortissants \u00e9trangers. Une EIMT positive d\u00e9montrera qu&#8217;il existe une demande de travailleurs \u00e9trangers pour exercer la profession que vous proposez et qu&#8217;aucun professionnel canadien n&#8217;est disponible pour exercer cette profession. <\/span><\/p>                        <\/div>\n                    <\/div>\n                                    <div class=\"tab-pane elementkit-tab-pane elementor-repeater-item-00f52ae \" id=\"content-00f52ae69f21162e7436\" role=\"tabpanel\"\n                         aria-labelledby=\"content-00f52ae69f21162e7436-tab\">\n                        <div class=\"animated fadeIn\">\n                            <p>Le permis de travail de l&#8217;ALENA permet aux citoyens du Canada, des \u00c9tats-Unis et du Mexique d&#8217;obtenir une entr\u00e9e rapide et r\u00e9ciproque dans leur pays pour des raisons temporaires d&#8217;affaires ou d&#8217;investissement. Ces personnes n&#8217;ont pas besoin d&#8217;une \u00e9valuation de l&#8217;impact sur le march\u00e9 du travail (EIMT).<br \/><br \/>L&#8217;ALENA pr\u00e9voit quatre cat\u00e9gories en vertu desquelles un ressortissant \u00e9tranger peut demander l&#8217;autorisation de travailler au Canada<br \/><br \/><strong>1. Visiteurs d&#8217;affaires (aucun permis de travail requis)<\/strong><br \/><strong>2. Professionnels<\/strong><br \/><strong>3. Personnes transf\u00e9r\u00e9es par une entreprise<\/strong><br \/><strong>4. Commer\u00e7ants et investisseurs<br \/><\/strong><br \/>Les visiteurs d&#8217;affaires dont la principale source de revenu doit rester \u00e0 l&#8217;ext\u00e9rieur du Canada sont exclus du march\u00e9 du travail canadien.<br \/><br \/>Les professionnels sont des citoyens du Mexique ou des \u00c9tats-Unis qui ont un emploi r\u00e9serv\u00e9 et sont qualifi\u00e9s pour travailler avec un employeur canadien.<br \/><br \/>Les personnes transf\u00e9r\u00e9es \u00e0 l&#8217;int\u00e9rieur d&#8217;une entreprise sont des citoyens du Mexique<br \/>ou des \u00c9tats-Unis qui occupent un poste \u00e0 l&#8217;ext\u00e9rieur du Canada et qui cherchent \u00e0 \u00eatre<br \/>transf\u00e9r\u00e9s dans une soci\u00e9t\u00e9 m\u00e8re ou une filiale au Canada.<br \/><br \/>Les investisseurs et les commer\u00e7ants qui r\u00e9pondent \u00e0 toutes les exigences de ce programme d&#8217;immigration canadien, ainsi que les membres de leur famille imm\u00e9diate, peuvent obtenir leur visa de r\u00e9sident permanent canadien (\u00e0 condition qu&#8217;ils ne soient pas jug\u00e9s inadmissibles pour des raisons m\u00e9dicales ou de s\u00e9curit\u00e9).<\/p>                        <\/div>\n                    <\/div>\n                            <\/div>\n        <\/div>\n    <\/div>\t\t<\/div>\n\t\t\t\t<\/div>\n\t\t\t\t\t\t<\/div>\n\t\t\t\t\t<\/div>\n\t\t<\/div>\n\t\t\t\t\t\t\t\t<\/div>\n\t\t\t\t\t<\/div>\n\t\t<\/section>\n\t\t\t\t\t\t<\/div>\n\t\t\t\t\t<\/div>\n\t\t<\/div>\n\t\t\t\t\t\t\t\t<\/div>\n\t\t\t\t\t<\/div>\n\t\t<\/section>\n\t\t\t\t\t\t\t\t\t<\/div>\n\t\t\t<\/div>\n\t\t\t\t\t<\/div>\n\t\t","protected":false},"excerpt":{"rendered":"<p>Permis de travail canadien &#8211; Immigration qualifi\u00e8e Les ressortissants \u00e9trangers qui souhaitent entrer sur le march\u00e9 du travail canadien ont besoin d&#8217;un document l\u00e9gal leur accordant la permission d&#8217;exercer un emploi au Canada. Le gouvernement canadien a cr\u00e9\u00e9 plusieurs programmes pour aider \u00e0 faire venir au Canada des personnes exp\u00e9riment\u00e9es et qualifi\u00e9es. Gonsalves &amp; Inka &hellip;<\/p>\n<p class=\"read-more\"> <a class=\"\" href=\"https:\/\/gonsalvesinka.com\/?page_id=2052&#038;lang=fr\"> <span class=\"screen-reader-text\">Permis de travail<\/span> Read More &raquo;<\/a><\/p>\n","protected":false},"author":1,"featured_media":0,"parent":0,"menu_order":0,"comment_status":"closed","ping_status":"closed","template":"","meta":{"site-sidebar-layout":"no-sidebar","site-content-layout":"page-builder","ast-global-header-display":"","ast-main-header-display":"","ast-hfb-above-header-display":"","ast-hfb-below-header-display":"","ast-hfb-mobile-header-display":"","site-post-title":"disabled","ast-breadcrumbs-content":"","ast-featured-img":"disabled","footer-sml-layout":"","theme-transparent-header-meta":"","adv-header-id-meta":"","stick-header-meta":"","header-above-stick-meta":"","header-main-stick-meta":"","header-below-stick-meta":""},"yoast_head":"<!-- This site is optimized with the Yoast SEO plugin v19.10 - https:\/\/yoast.com\/wordpress\/plugins\/seo\/ -->\n<title>Permis de travail - gonsalvesinka.com<\/title>\n<meta name=\"robots\" content=\"index, follow, max-snippet:-1, max-image-preview:large, max-video-preview:-1\" \/>\n<link rel=\"canonical\" href=\"https:\/\/gonsalvesinka.com\/?page_id=2052&lang=fr\" \/>\n<meta property=\"og:locale\" content=\"en_US\" \/>\n<meta property=\"og:type\" content=\"article\" \/>\n<meta property=\"og:title\" content=\"Permis de travail - gonsalvesinka.com\" \/>\n<meta property=\"og:description\" content=\"Permis de travail canadien &#8211; Immigration qualifi\u00e8e Les ressortissants \u00e9trangers qui souhaitent entrer sur le march\u00e9 du travail canadien ont besoin d&#8217;un document l\u00e9gal leur accordant la permission d&#8217;exercer un emploi au Canada. Le gouvernement canadien a cr\u00e9\u00e9 plusieurs programmes pour aider \u00e0 faire venir au Canada des personnes exp\u00e9riment\u00e9es et qualifi\u00e9es. Gonsalves &amp; Inka &hellip; Permis de travail Read More &raquo;\" \/>\n<meta property=\"og:url\" content=\"https:\/\/gonsalvesinka.com\/?page_id=2052&amp;lang=fr\" \/>\n<meta property=\"og:site_name\" content=\"gonsalvesinka.com\" \/>\n<meta property=\"article:publisher\" content=\"https:\/\/www.facebook.com\/profile.php?id=100087427837532\" \/>\n<meta property=\"article:modified_time\" content=\"2022-11-26T17:57:36+00:00\" \/>\n<meta name=\"twitter:card\" content=\"summary_large_image\" \/>\n<meta name=\"twitter:label1\" content=\"Est. reading time\" \/>\n\t<meta name=\"twitter:data1\" content=\"4 minutes\" \/>\n<script type=\"application\/ld+json\" class=\"yoast-schema-graph\">{\"@context\":\"https:\/\/schema.org\",\"@graph\":[{\"@type\":\"WebPage\",\"@id\":\"https:\/\/gonsalvesinka.com\/?page_id=2052&lang=fr\",\"url\":\"https:\/\/gonsalvesinka.com\/?page_id=2052&lang=fr\",\"name\":\"Permis de travail - gonsalvesinka.com\",\"isPartOf\":{\"@id\":\"https:\/\/gonsalvesinka.com\/#website\"},\"datePublished\":\"2022-10-16T12:32:40+00:00\",\"dateModified\":\"2022-11-26T17:57:36+00:00\",\"breadcrumb\":{\"@id\":\"https:\/\/gonsalvesinka.com\/?page_id=2052&lang=fr#breadcrumb\"},\"inLanguage\":\"en-US\",\"potentialAction\":[{\"@type\":\"ReadAction\",\"target\":[\"https:\/\/gonsalvesinka.com\/?page_id=2052&lang=fr\"]}]},{\"@type\":\"BreadcrumbList\",\"@id\":\"https:\/\/gonsalvesinka.com\/?page_id=2052&lang=fr#breadcrumb\",\"itemListElement\":[{\"@type\":\"ListItem\",\"position\":1,\"name\":\"Home\",\"item\":\"https:\/\/gonsalvesinka.com\/\"},{\"@type\":\"ListItem\",\"position\":2,\"name\":\"Permis de travail\"}]},{\"@type\":\"WebSite\",\"@id\":\"https:\/\/gonsalvesinka.com\/#website\",\"url\":\"https:\/\/gonsalvesinka.com\/\",\"name\":\"gonsalvesinka.com\",\"description\":\"Professional, Confidential Efficient Immigration Services.\",\"publisher\":{\"@id\":\"https:\/\/gonsalvesinka.com\/#organization\"},\"potentialAction\":[{\"@type\":\"SearchAction\",\"target\":{\"@type\":\"EntryPoint\",\"urlTemplate\":\"https:\/\/gonsalvesinka.com\/?s={search_term_string}\"},\"query-input\":\"required name=search_term_string\"}],\"inLanguage\":\"en-US\"},{\"@type\":\"Organization\",\"@id\":\"https:\/\/gonsalvesinka.com\/#organization\",\"name\":\"gonsalvesinka.com\",\"url\":\"https:\/\/gonsalvesinka.com\/\",\"logo\":{\"@type\":\"ImageObject\",\"inLanguage\":\"en-US\",\"@id\":\"https:\/\/gonsalvesinka.com\/#\/schema\/logo\/image\/\",\"url\":\"https:\/\/gonsalvesinka.com\/wp-content\/uploads\/2022\/11\/logo-FB-01-scaled.jpg\",\"contentUrl\":\"https:\/\/gonsalvesinka.com\/wp-content\/uploads\/2022\/11\/logo-FB-01-scaled.jpg\",\"width\":2560,\"height\":2340,\"caption\":\"gonsalvesinka.com\"},\"image\":{\"@id\":\"https:\/\/gonsalvesinka.com\/#\/schema\/logo\/image\/\"},\"sameAs\":[\"https:\/\/www.facebook.com\/profile.php?id=100087427837532\"]}]}<\/script>\n<!-- \/ Yoast SEO plugin. -->","yoast_head_json":{"title":"Permis de travail - gonsalvesinka.com","robots":{"index":"index","follow":"follow","max-snippet":"max-snippet:-1","max-image-preview":"max-image-preview:large","max-video-preview":"max-video-preview:-1"},"canonical":"https:\/\/gonsalvesinka.com\/?page_id=2052&lang=fr","og_locale":"en_US","og_type":"article","og_title":"Permis de travail - gonsalvesinka.com","og_description":"Permis de travail canadien &#8211; Immigration qualifi\u00e8e Les ressortissants \u00e9trangers qui souhaitent entrer sur le march\u00e9 du travail canadien ont besoin d&#8217;un document l\u00e9gal leur accordant la permission d&#8217;exercer un emploi au Canada. Le gouvernement canadien a cr\u00e9\u00e9 plusieurs programmes pour aider \u00e0 faire venir au Canada des personnes exp\u00e9riment\u00e9es et qualifi\u00e9es. Gonsalves &amp; Inka &hellip; Permis de travail Read More &raquo;","og_url":"https:\/\/gonsalvesinka.com\/?page_id=2052&lang=fr","og_site_name":"gonsalvesinka.com","article_publisher":"https:\/\/www.facebook.com\/profile.php?id=100087427837532","article_modified_time":"2022-11-26T17:57:36+00:00","twitter_card":"summary_large_image","twitter_misc":{"Est. reading time":"4 minutes"},"schema":{"@context":"https:\/\/schema.org","@graph":[{"@type":"WebPage","@id":"https:\/\/gonsalvesinka.com\/?page_id=2052&lang=fr","url":"https:\/\/gonsalvesinka.com\/?page_id=2052&lang=fr","name":"Permis de travail - gonsalvesinka.com","isPartOf":{"@id":"https:\/\/gonsalvesinka.com\/#website"},"datePublished":"2022-10-16T12:32:40+00:00","dateModified":"2022-11-26T17:57:36+00:00","breadcrumb":{"@id":"https:\/\/gonsalvesinka.com\/?page_id=2052&lang=fr#breadcrumb"},"inLanguage":"en-US","potentialAction":[{"@type":"ReadAction","target":["https:\/\/gonsalvesinka.com\/?page_id=2052&lang=fr"]}]},{"@type":"BreadcrumbList","@id":"https:\/\/gonsalvesinka.com\/?page_id=2052&lang=fr#breadcrumb","itemListElement":[{"@type":"ListItem","position":1,"name":"Home","item":"https:\/\/gonsalvesinka.com\/"},{"@type":"ListItem","position":2,"name":"Permis de travail"}]},{"@type":"WebSite","@id":"https:\/\/gonsalvesinka.com\/#website","url":"https:\/\/gonsalvesinka.com\/","name":"gonsalvesinka.com","description":"Professional, Confidential Efficient Immigration Services.","publisher":{"@id":"https:\/\/gonsalvesinka.com\/#organization"},"potentialAction":[{"@type":"SearchAction","target":{"@type":"EntryPoint","urlTemplate":"https:\/\/gonsalvesinka.com\/?s={search_term_string}"},"query-input":"required name=search_term_string"}],"inLanguage":"en-US"},{"@type":"Organization","@id":"https:\/\/gonsalvesinka.com\/#organization","name":"gonsalvesinka.com","url":"https:\/\/gonsalvesinka.com\/","logo":{"@type":"ImageObject","inLanguage":"en-US","@id":"https:\/\/gonsalvesinka.com\/#\/schema\/logo\/image\/","url":"https:\/\/gonsalvesinka.com\/wp-content\/uploads\/2022\/11\/logo-FB-01-scaled.jpg","contentUrl":"https:\/\/gonsalvesinka.com\/wp-content\/uploads\/2022\/11\/logo-FB-01-scaled.jpg","width":2560,"height":2340,"caption":"gonsalvesinka.com"},"image":{"@id":"https:\/\/gonsalvesinka.com\/#\/schema\/logo\/image\/"},"sameAs":["https:\/\/www.facebook.com\/profile.php?id=100087427837532"]}]}},"_links":{"self":[{"href":"https:\/\/gonsalvesinka.com\/index.php?rest_route=\/wp\/v2\/pages\/2052"}],"collection":[{"href":"https:\/\/gonsalvesinka.com\/index.php?rest_route=\/wp\/v2\/pages"}],"about":[{"href":"https:\/\/gonsalvesinka.com\/index.php?rest_route=\/wp\/v2\/types\/page"}],"author":[{"embeddable":true,"href":"https:\/\/gonsalvesinka.com\/index.php?rest_route=\/wp\/v2\/users\/1"}],"replies":[{"embeddable":true,"href":"https:\/\/gonsalvesinka.com\/index.php?rest_route=%2Fwp%2Fv2%2Fcomments&post=2052"}],"version-history":[{"count":11,"href":"https:\/\/gonsalvesinka.com\/index.php?rest_route=\/wp\/v2\/pages\/2052\/revisions"}],"predecessor-version":[{"id":2210,"href":"https:\/\/gonsalvesinka.com\/index.php?rest_route=\/wp\/v2\/pages\/2052\/revisions\/2210"}],"wp:attachment":[{"href":"https:\/\/gonsalvesinka.com\/index.php?rest_route=%2Fwp%2Fv2%2Fmedia&parent=2052"}],"curies":[{"name":"wp","href":"https:\/\/api.w.org\/{rel}","templated":true}]}}