{"id":2067,"date":"2022-10-16T12:33:43","date_gmt":"2022-10-16T12:33:43","guid":{"rendered":"https:\/\/gonsalvesinka.com\/?page_id=2067"},"modified":"2022-11-26T18:40:58","modified_gmt":"2022-11-26T18:40:58","slug":"classe-economique","status":"publish","type":"page","link":"https:\/\/gonsalvesinka.com\/?page_id=2067&lang=fr","title":{"rendered":"classe \u00e9conomique"},"content":{"rendered":"\t\t<div data-elementor-type=\"wp-page\" data-elementor-id=\"2067\" class=\"elementor elementor-2067\">\n\t\t\t\t\t\t<div class=\"elementor-inner\">\n\t\t\t\t<div class=\"elementor-section-wrap\">\n\t\t\t\t\t\t\t\t\t<section class=\"elementor-section elementor-top-section elementor-element elementor-element-e05863d elementor-section-height-min-height elementor-section-boxed elementor-section-height-default elementor-section-items-middle\" data-id=\"e05863d\" data-element_type=\"section\" data-settings=\"{&quot;background_background&quot;:&quot;classic&quot;}\">\n\t\t\t\t\t\t\t<div class=\"elementor-background-overlay\"><\/div>\n\t\t\t\t\t\t\t<div class=\"elementor-container elementor-column-gap-default\">\n\t\t\t\t\t\t\t<div class=\"elementor-row\">\n\t\t\t\t\t<div class=\"elementor-column elementor-col-100 elementor-top-column elementor-element elementor-element-79920054\" data-id=\"79920054\" data-element_type=\"column\">\n\t\t\t<div class=\"elementor-column-wrap elementor-element-populated\">\n\t\t\t\t\t\t\t<div class=\"elementor-widget-wrap\">\n\t\t\t\t\t\t<div class=\"elementor-element elementor-element-c1909bb elementor-view-default elementor-invisible elementor-widget elementor-widget-icon\" data-id=\"c1909bb\" data-element_type=\"widget\" data-settings=\"{&quot;_animation&quot;:&quot;fadeInDown&quot;,&quot;_animation_delay&quot;:500}\" data-widget_type=\"icon.default\">\n\t\t\t\t<div class=\"elementor-widget-container\">\n\t\t\t\t\t<div class=\"elementor-icon-wrapper\">\n\t\t\t<div class=\"elementor-icon\">\n\t\t\t<i aria-hidden=\"true\" class=\"fas fa-chevron-down\"><\/i>\t\t\t<\/div>\n\t\t<\/div>\n\t\t\t\t<\/div>\n\t\t\t\t<\/div>\n\t\t\t\t\t\t<\/div>\n\t\t\t\t\t<\/div>\n\t\t<\/div>\n\t\t\t\t\t\t\t\t<\/div>\n\t\t\t\t\t<\/div>\n\t\t<\/section>\n\t\t\t\t<section class=\"elementor-section elementor-top-section elementor-element elementor-element-529957e elementor-section-boxed elementor-section-height-default elementor-section-height-default\" data-id=\"529957e\" data-element_type=\"section\">\n\t\t\t\t\t\t<div class=\"elementor-container elementor-column-gap-default\">\n\t\t\t\t\t\t\t<div class=\"elementor-row\">\n\t\t\t\t\t<div class=\"elementor-column elementor-col-100 elementor-top-column elementor-element elementor-element-b2256a7\" data-id=\"b2256a7\" data-element_type=\"column\">\n\t\t\t<div class=\"elementor-column-wrap elementor-element-populated\">\n\t\t\t\t\t\t\t<div class=\"elementor-widget-wrap\">\n\t\t\t\t\t\t<div class=\"elementor-element elementor-element-67bb0f5 elementor-widget elementor-widget-spacer\" data-id=\"67bb0f5\" data-element_type=\"widget\" data-widget_type=\"spacer.default\">\n\t\t\t\t<div class=\"elementor-widget-container\">\n\t\t\t\t\t<div class=\"elementor-spacer\">\n\t\t\t<div class=\"elementor-spacer-inner\"><\/div>\n\t\t<\/div>\n\t\t\t\t<\/div>\n\t\t\t\t<\/div>\n\t\t\t\t\t\t<\/div>\n\t\t\t\t\t<\/div>\n\t\t<\/div>\n\t\t\t\t\t\t\t\t<\/div>\n\t\t\t\t\t<\/div>\n\t\t<\/section>\n\t\t\t\t<section class=\"elementor-section elementor-top-section elementor-element elementor-element-c54795f elementor-section-boxed elementor-section-height-default elementor-section-height-default\" data-id=\"c54795f\" data-element_type=\"section\">\n\t\t\t\t\t\t<div class=\"elementor-container elementor-column-gap-default\">\n\t\t\t\t\t\t\t<div class=\"elementor-row\">\n\t\t\t\t\t<div class=\"elementor-column elementor-col-100 elementor-top-column elementor-element elementor-element-e778bef\" data-id=\"e778bef\" data-element_type=\"column\">\n\t\t\t<div class=\"elementor-column-wrap elementor-element-populated\">\n\t\t\t\t\t\t\t<div class=\"elementor-widget-wrap\">\n\t\t\t\t\t\t<div class=\"elementor-element elementor-element-dde56cd elementor-widget elementor-widget-spacer\" data-id=\"dde56cd\" data-element_type=\"widget\" data-widget_type=\"spacer.default\">\n\t\t\t\t<div class=\"elementor-widget-container\">\n\t\t\t\t\t<div class=\"elementor-spacer\">\n\t\t\t<div class=\"elementor-spacer-inner\"><\/div>\n\t\t<\/div>\n\t\t\t\t<\/div>\n\t\t\t\t<\/div>\n\t\t\t\t<div class=\"elementor-element elementor-element-aa8c1c2 elementor-widget elementor-widget-heading\" data-id=\"aa8c1c2\" data-element_type=\"widget\" data-widget_type=\"heading.default\">\n\t\t\t\t<div class=\"elementor-widget-container\">\n\t\t\t<h2 class=\"elementor-heading-title elementor-size-default\">Immigration de classe \u00e9conomique au Canada<\/h2>\t\t<\/div>\n\t\t\t\t<\/div>\n\t\t\t\t<div class=\"elementor-element elementor-element-8316243 elementor-widget elementor-widget-text-editor\" data-id=\"8316243\" data-element_type=\"widget\" data-widget_type=\"text-editor.default\">\n\t\t\t\t<div class=\"elementor-widget-container\">\n\t\t\t\t\t\t\t\t<div class=\"elementor-text-editor elementor-clearfix\">\n\t\t\t\t<p>Les immigrants \u00e9conomiques sont s\u00e9lectionn\u00e9s pour leurs comp\u00e9tences et leur capacit\u00e9 \u00e0 s&#8217;\u00e9tablir au Canada et \u00e0 participer \u00e0 l&#8217;\u00e9conomie canadienne. Cette cat\u00e9gorie comprend les travailleurs qualifi\u00e9s, les gens d&#8217;affaires immigrants, les candidats des provinces et des territoires et les aides familiaux r\u00e9sidants.<\/p><p>Les candidats sont \u00e9valu\u00e9s sur la base des \u00e9l\u00e9ments suivants\u00a0:<\/p><ol><li>connaissance de l&#8217;anglais et\/ou du fran\u00e7ais<\/li><li>\u00c9ducation<\/li><li>exp\u00e9rience de travail et<\/li><\/ol><p>d&#8217;autres facteurs se sont av\u00e9r\u00e9s les aider \u00e0 prosp\u00e9rer au Canada.<br \/><br \/>Cette cat\u00e9gorie comprend les postes de gestion, les postes professionnels, les postes techniques et les m\u00e9tiers sp\u00e9cialis\u00e9s.<\/p><p>R\u00e9servez une consultation pour obtenir des conseils et de l&#8217;aide avec votre demande.<\/p>\t\t\t\t\t<\/div>\n\t\t\t\t\t\t<\/div>\n\t\t\t\t<\/div>\n\t\t\t\t<div class=\"elementor-element elementor-element-af26901 elementor-widget elementor-widget-button\" data-id=\"af26901\" data-element_type=\"widget\" data-widget_type=\"button.default\">\n\t\t\t\t<div class=\"elementor-widget-container\">\n\t\t\t\t\t<div class=\"elementor-button-wrapper\">\n\t\t\t<a href=\"https:\/\/gonsalvesinka.com\/?page_id=771\" class=\"elementor-button-link elementor-button elementor-size-sm\" role=\"button\">\n\t\t\t\t\t\t<span class=\"elementor-button-content-wrapper\">\n\t\t\t\t\t\t<span class=\"elementor-button-text\">Contactez-nous<\/span>\n\t\t<\/span>\n\t\t\t\t\t<\/a>\n\t\t<\/div>\n\t\t\t\t<\/div>\n\t\t\t\t<\/div>\n\t\t\t\t\t\t<\/div>\n\t\t\t\t\t<\/div>\n\t\t<\/div>\n\t\t\t\t\t\t\t\t<\/div>\n\t\t\t\t\t<\/div>\n\t\t<\/section>\n\t\t\t\t<section class=\"elementor-section elementor-top-section elementor-element elementor-element-1f019ee elementor-section-boxed elementor-section-height-default elementor-section-height-default\" data-id=\"1f019ee\" data-element_type=\"section\">\n\t\t\t\t\t\t<div class=\"elementor-container elementor-column-gap-default\">\n\t\t\t\t\t\t\t<div class=\"elementor-row\">\n\t\t\t\t\t<div class=\"elementor-column elementor-col-100 elementor-top-column elementor-element elementor-element-6c9d024\" data-id=\"6c9d024\" data-element_type=\"column\">\n\t\t\t<div class=\"elementor-column-wrap\">\n\t\t\t\t\t\t\t<div class=\"elementor-widget-wrap\">\n\t\t\t\t\t\t\t\t<\/div>\n\t\t\t\t\t<\/div>\n\t\t<\/div>\n\t\t\t\t\t\t\t\t<\/div>\n\t\t\t\t\t<\/div>\n\t\t<\/section>\n\t\t\t\t\t\t\t\t\t<\/div>\n\t\t\t<\/div>\n\t\t\t\t\t<\/div>\n\t\t","protected":false},"excerpt":{"rendered":"<p>Immigration de classe \u00e9conomique au Canada Les immigrants \u00e9conomiques sont s\u00e9lectionn\u00e9s pour leurs comp\u00e9tences et leur capacit\u00e9 \u00e0 s&#8217;\u00e9tablir au Canada et \u00e0 participer \u00e0 l&#8217;\u00e9conomie canadienne. Cette cat\u00e9gorie comprend les travailleurs qualifi\u00e9s, les gens d&#8217;affaires immigrants, les candidats des provinces et des territoires et les aides familiaux r\u00e9sidants. Les candidats sont \u00e9valu\u00e9s sur la &hellip;<\/p>\n<p class=\"read-more\"> <a class=\"\" href=\"https:\/\/gonsalvesinka.com\/?page_id=2067&#038;lang=fr\"> <span class=\"screen-reader-text\">classe \u00e9conomique<\/span> Read More &raquo;<\/a><\/p>\n","protected":false},"author":1,"featured_media":0,"parent":0,"menu_order":0,"comment_status":"closed","ping_status":"closed","template":"","meta":{"site-sidebar-layout":"no-sidebar","site-content-layout":"page-builder","ast-global-header-display":"","ast-main-header-display":"","ast-hfb-above-header-display":"","ast-hfb-below-header-display":"","ast-hfb-mobile-header-display":"","site-post-title":"disabled","ast-breadcrumbs-content":"","ast-featured-img":"disabled","footer-sml-layout":"","theme-transparent-header-meta":"","adv-header-id-meta":"","stick-header-meta":"","header-above-stick-meta":"","header-main-stick-meta":"","header-below-stick-meta":""},"yoast_head":"<!-- This site is optimized with the Yoast SEO plugin v19.10 - https:\/\/yoast.com\/wordpress\/plugins\/seo\/ -->\n<title>classe \u00e9conomique - gonsalvesinka.com<\/title>\n<meta name=\"robots\" content=\"index, follow, max-snippet:-1, max-image-preview:large, max-video-preview:-1\" \/>\n<link rel=\"canonical\" href=\"https:\/\/gonsalvesinka.com\/?page_id=2067&lang=fr\" \/>\n<meta property=\"og:locale\" content=\"en_US\" \/>\n<meta property=\"og:type\" content=\"article\" \/>\n<meta property=\"og:title\" content=\"classe \u00e9conomique - gonsalvesinka.com\" \/>\n<meta property=\"og:description\" content=\"Immigration de classe \u00e9conomique au Canada Les immigrants \u00e9conomiques sont s\u00e9lectionn\u00e9s pour leurs comp\u00e9tences et leur capacit\u00e9 \u00e0 s&#8217;\u00e9tablir au Canada et \u00e0 participer \u00e0 l&#8217;\u00e9conomie canadienne. Cette cat\u00e9gorie comprend les travailleurs qualifi\u00e9s, les gens d&#8217;affaires immigrants, les candidats des provinces et des territoires et les aides familiaux r\u00e9sidants. Les candidats sont \u00e9valu\u00e9s sur la &hellip; classe \u00e9conomique Read More &raquo;\" \/>\n<meta property=\"og:url\" content=\"https:\/\/gonsalvesinka.com\/?page_id=2067&amp;lang=fr\" \/>\n<meta property=\"og:site_name\" content=\"gonsalvesinka.com\" \/>\n<meta property=\"article:publisher\" content=\"https:\/\/www.facebook.com\/profile.php?id=100087427837532\" \/>\n<meta property=\"article:modified_time\" content=\"2022-11-26T18:40:58+00:00\" \/>\n<meta name=\"twitter:card\" content=\"summary_large_image\" \/>\n<meta name=\"twitter:label1\" content=\"Est. reading time\" \/>\n\t<meta name=\"twitter:data1\" content=\"1 minute\" \/>\n<script type=\"application\/ld+json\" class=\"yoast-schema-graph\">{\"@context\":\"https:\/\/schema.org\",\"@graph\":[{\"@type\":\"WebPage\",\"@id\":\"https:\/\/gonsalvesinka.com\/?page_id=2067&lang=fr\",\"url\":\"https:\/\/gonsalvesinka.com\/?page_id=2067&lang=fr\",\"name\":\"classe \u00e9conomique - gonsalvesinka.com\",\"isPartOf\":{\"@id\":\"https:\/\/gonsalvesinka.com\/#website\"},\"datePublished\":\"2022-10-16T12:33:43+00:00\",\"dateModified\":\"2022-11-26T18:40:58+00:00\",\"breadcrumb\":{\"@id\":\"https:\/\/gonsalvesinka.com\/?page_id=2067&lang=fr#breadcrumb\"},\"inLanguage\":\"en-US\",\"potentialAction\":[{\"@type\":\"ReadAction\",\"target\":[\"https:\/\/gonsalvesinka.com\/?page_id=2067&lang=fr\"]}]},{\"@type\":\"BreadcrumbList\",\"@id\":\"https:\/\/gonsalvesinka.com\/?page_id=2067&lang=fr#breadcrumb\",\"itemListElement\":[{\"@type\":\"ListItem\",\"position\":1,\"name\":\"Home\",\"item\":\"https:\/\/gonsalvesinka.com\/\"},{\"@type\":\"ListItem\",\"position\":2,\"name\":\"classe \u00e9conomique\"}]},{\"@type\":\"WebSite\",\"@id\":\"https:\/\/gonsalvesinka.com\/#website\",\"url\":\"https:\/\/gonsalvesinka.com\/\",\"name\":\"gonsalvesinka.com\",\"description\":\"Professional, Confidential Efficient Immigration Services.\",\"publisher\":{\"@id\":\"https:\/\/gonsalvesinka.com\/#organization\"},\"potentialAction\":[{\"@type\":\"SearchAction\",\"target\":{\"@type\":\"EntryPoint\",\"urlTemplate\":\"https:\/\/gonsalvesinka.com\/?s={search_term_string}\"},\"query-input\":\"required name=search_term_string\"}],\"inLanguage\":\"en-US\"},{\"@type\":\"Organization\",\"@id\":\"https:\/\/gonsalvesinka.com\/#organization\",\"name\":\"gonsalvesinka.com\",\"url\":\"https:\/\/gonsalvesinka.com\/\",\"logo\":{\"@type\":\"ImageObject\",\"inLanguage\":\"en-US\",\"@id\":\"https:\/\/gonsalvesinka.com\/#\/schema\/logo\/image\/\",\"url\":\"https:\/\/gonsalvesinka.com\/wp-content\/uploads\/2022\/11\/logo-FB-01-scaled.jpg\",\"contentUrl\":\"https:\/\/gonsalvesinka.com\/wp-content\/uploads\/2022\/11\/logo-FB-01-scaled.jpg\",\"width\":2560,\"height\":2340,\"caption\":\"gonsalvesinka.com\"},\"image\":{\"@id\":\"https:\/\/gonsalvesinka.com\/#\/schema\/logo\/image\/\"},\"sameAs\":[\"https:\/\/www.facebook.com\/profile.php?id=100087427837532\"]}]}<\/script>\n<!-- \/ Yoast SEO plugin. -->","yoast_head_json":{"title":"classe \u00e9conomique - gonsalvesinka.com","robots":{"index":"index","follow":"follow","max-snippet":"max-snippet:-1","max-image-preview":"max-image-preview:large","max-video-preview":"max-video-preview:-1"},"canonical":"https:\/\/gonsalvesinka.com\/?page_id=2067&lang=fr","og_locale":"en_US","og_type":"article","og_title":"classe \u00e9conomique - gonsalvesinka.com","og_description":"Immigration de classe \u00e9conomique au Canada Les immigrants \u00e9conomiques sont s\u00e9lectionn\u00e9s pour leurs comp\u00e9tences et leur capacit\u00e9 \u00e0 s&#8217;\u00e9tablir au Canada et \u00e0 participer \u00e0 l&#8217;\u00e9conomie canadienne. Cette cat\u00e9gorie comprend les travailleurs qualifi\u00e9s, les gens d&#8217;affaires immigrants, les candidats des provinces et des territoires et les aides familiaux r\u00e9sidants. Les candidats sont \u00e9valu\u00e9s sur la &hellip; classe \u00e9conomique Read More &raquo;","og_url":"https:\/\/gonsalvesinka.com\/?page_id=2067&lang=fr","og_site_name":"gonsalvesinka.com","article_publisher":"https:\/\/www.facebook.com\/profile.php?id=100087427837532","article_modified_time":"2022-11-26T18:40:58+00:00","twitter_card":"summary_large_image","twitter_misc":{"Est. reading time":"1 minute"},"schema":{"@context":"https:\/\/schema.org","@graph":[{"@type":"WebPage","@id":"https:\/\/gonsalvesinka.com\/?page_id=2067&lang=fr","url":"https:\/\/gonsalvesinka.com\/?page_id=2067&lang=fr","name":"classe \u00e9conomique - gonsalvesinka.com","isPartOf":{"@id":"https:\/\/gonsalvesinka.com\/#website"},"datePublished":"2022-10-16T12:33:43+00:00","dateModified":"2022-11-26T18:40:58+00:00","breadcrumb":{"@id":"https:\/\/gonsalvesinka.com\/?page_id=2067&lang=fr#breadcrumb"},"inLanguage":"en-US","potentialAction":[{"@type":"ReadAction","target":["https:\/\/gonsalvesinka.com\/?page_id=2067&lang=fr"]}]},{"@type":"BreadcrumbList","@id":"https:\/\/gonsalvesinka.com\/?page_id=2067&lang=fr#breadcrumb","itemListElement":[{"@type":"ListItem","position":1,"name":"Home","item":"https:\/\/gonsalvesinka.com\/"},{"@type":"ListItem","position":2,"name":"classe \u00e9conomique"}]},{"@type":"WebSite","@id":"https:\/\/gonsalvesinka.com\/#website","url":"https:\/\/gonsalvesinka.com\/","name":"gonsalvesinka.com","description":"Professional, Confidential Efficient Immigration Services.","publisher":{"@id":"https:\/\/gonsalvesinka.com\/#organization"},"potentialAction":[{"@type":"SearchAction","target":{"@type":"EntryPoint","urlTemplate":"https:\/\/gonsalvesinka.com\/?s={search_term_string}"},"query-input":"required name=search_term_string"}],"inLanguage":"en-US"},{"@type":"Organization","@id":"https:\/\/gonsalvesinka.com\/#organization","name":"gonsalvesinka.com","url":"https:\/\/gonsalvesinka.com\/","logo":{"@type":"ImageObject","inLanguage":"en-US","@id":"https:\/\/gonsalvesinka.com\/#\/schema\/logo\/image\/","url":"https:\/\/gonsalvesinka.com\/wp-content\/uploads\/2022\/11\/logo-FB-01-scaled.jpg","contentUrl":"https:\/\/gonsalvesinka.com\/wp-content\/uploads\/2022\/11\/logo-FB-01-scaled.jpg","width":2560,"height":2340,"caption":"gonsalvesinka.com"},"image":{"@id":"https:\/\/gonsalvesinka.com\/#\/schema\/logo\/image\/"},"sameAs":["https:\/\/www.facebook.com\/profile.php?id=100087427837532"]}]}},"_links":{"self":[{"href":"https:\/\/gonsalvesinka.com\/index.php?rest_route=\/wp\/v2\/pages\/2067"}],"collection":[{"href":"https:\/\/gonsalvesinka.com\/index.php?rest_route=\/wp\/v2\/pages"}],"about":[{"href":"https:\/\/gonsalvesinka.com\/index.php?rest_route=\/wp\/v2\/types\/page"}],"author":[{"embeddable":true,"href":"https:\/\/gonsalvesinka.com\/index.php?rest_route=\/wp\/v2\/users\/1"}],"replies":[{"embeddable":true,"href":"https:\/\/gonsalvesinka.com\/index.php?rest_route=%2Fwp%2Fv2%2Fcomments&post=2067"}],"version-history":[{"count":8,"href":"https:\/\/gonsalvesinka.com\/index.php?rest_route=\/wp\/v2\/pages\/2067\/revisions"}],"predecessor-version":[{"id":2208,"href":"https:\/\/gonsalvesinka.com\/index.php?rest_route=\/wp\/v2\/pages\/2067\/revisions\/2208"}],"wp:attachment":[{"href":"https:\/\/gonsalvesinka.com\/index.php?rest_route=%2Fwp%2Fv2%2Fmedia&parent=2067"}],"curies":[{"name":"wp","href":"https:\/\/api.w.org\/{rel}","templated":true}]}}