{"id":2069,"date":"2022-10-16T12:31:17","date_gmt":"2022-10-16T12:31:17","guid":{"rendered":"https:\/\/gonsalvesinka.com\/?page_id=2069"},"modified":"2022-11-26T18:35:01","modified_gmt":"2022-11-26T18:35:01","slug":"parrainage-familial","status":"publish","type":"page","link":"https:\/\/gonsalvesinka.com\/?page_id=2069&lang=fr","title":{"rendered":"Parrainage familial"},"content":{"rendered":"\t\t<div data-elementor-type=\"wp-page\" data-elementor-id=\"2069\" class=\"elementor elementor-2069\">\n\t\t\t\t\t\t<div class=\"elementor-inner\">\n\t\t\t\t<div class=\"elementor-section-wrap\">\n\t\t\t\t\t\t\t\t\t<section class=\"elementor-section elementor-top-section elementor-element elementor-element-3278745 elementor-section-height-min-height elementor-section-boxed elementor-section-height-default elementor-section-items-middle\" data-id=\"3278745\" data-element_type=\"section\" data-settings=\"{&quot;background_background&quot;:&quot;classic&quot;}\">\n\t\t\t\t\t\t\t<div class=\"elementor-background-overlay\"><\/div>\n\t\t\t\t\t\t\t<div class=\"elementor-container elementor-column-gap-default\">\n\t\t\t\t\t\t\t<div class=\"elementor-row\">\n\t\t\t\t\t<div class=\"elementor-column elementor-col-100 elementor-top-column elementor-element elementor-element-24101660\" data-id=\"24101660\" data-element_type=\"column\">\n\t\t\t<div class=\"elementor-column-wrap elementor-element-populated\">\n\t\t\t\t\t\t\t<div class=\"elementor-widget-wrap\">\n\t\t\t\t\t\t<div class=\"elementor-element elementor-element-5dfb30de elementor-view-default elementor-invisible elementor-widget elementor-widget-icon\" data-id=\"5dfb30de\" data-element_type=\"widget\" data-settings=\"{&quot;_animation&quot;:&quot;fadeInDown&quot;,&quot;_animation_delay&quot;:500}\" data-widget_type=\"icon.default\">\n\t\t\t\t<div class=\"elementor-widget-container\">\n\t\t\t\t\t<div class=\"elementor-icon-wrapper\">\n\t\t\t<div class=\"elementor-icon\">\n\t\t\t<i aria-hidden=\"true\" class=\"fas fa-chevron-down\"><\/i>\t\t\t<\/div>\n\t\t<\/div>\n\t\t\t\t<\/div>\n\t\t\t\t<\/div>\n\t\t\t\t\t\t<\/div>\n\t\t\t\t\t<\/div>\n\t\t<\/div>\n\t\t\t\t\t\t\t\t<\/div>\n\t\t\t\t\t<\/div>\n\t\t<\/section>\n\t\t\t\t<section class=\"elementor-section elementor-top-section elementor-element elementor-element-e935afc elementor-section-boxed elementor-section-height-default elementor-section-height-default\" data-id=\"e935afc\" data-element_type=\"section\">\n\t\t\t\t\t\t<div class=\"elementor-container elementor-column-gap-default\">\n\t\t\t\t\t\t\t<div class=\"elementor-row\">\n\t\t\t\t\t<div class=\"elementor-column elementor-col-100 elementor-top-column elementor-element elementor-element-7aae623\" data-id=\"7aae623\" data-element_type=\"column\">\n\t\t\t<div class=\"elementor-column-wrap elementor-element-populated\">\n\t\t\t\t\t\t\t<div class=\"elementor-widget-wrap\">\n\t\t\t\t\t\t<div class=\"elementor-element elementor-element-aaf2207 elementor-widget elementor-widget-spacer\" data-id=\"aaf2207\" data-element_type=\"widget\" data-widget_type=\"spacer.default\">\n\t\t\t\t<div class=\"elementor-widget-container\">\n\t\t\t\t\t<div class=\"elementor-spacer\">\n\t\t\t<div class=\"elementor-spacer-inner\"><\/div>\n\t\t<\/div>\n\t\t\t\t<\/div>\n\t\t\t\t<\/div>\n\t\t\t\t<section class=\"elementor-section elementor-inner-section elementor-element elementor-element-2a6b73f elementor-section-boxed elementor-section-height-default elementor-section-height-default\" data-id=\"2a6b73f\" data-element_type=\"section\">\n\t\t\t\t\t\t<div class=\"elementor-container elementor-column-gap-default\">\n\t\t\t\t\t\t\t<div class=\"elementor-row\">\n\t\t\t\t\t<div class=\"elementor-column elementor-col-50 elementor-inner-column elementor-element elementor-element-b911307\" data-id=\"b911307\" data-element_type=\"column\">\n\t\t\t<div class=\"elementor-column-wrap elementor-element-populated\">\n\t\t\t\t\t\t\t<div class=\"elementor-widget-wrap\">\n\t\t\t\t\t\t<div class=\"elementor-element elementor-element-1c7c531 elementor-widget elementor-widget-heading\" data-id=\"1c7c531\" data-element_type=\"widget\" data-widget_type=\"heading.default\">\n\t\t\t\t<div class=\"elementor-widget-container\">\n\t\t\t<h2 class=\"elementor-heading-title elementor-size-default\">Parrainage familial:\n<\/h2>\t\t<\/div>\n\t\t\t\t<\/div>\n\t\t\t\t<div class=\"elementor-element elementor-element-c9b9ccb elementor-widget elementor-widget-heading\" data-id=\"c9b9ccb\" data-element_type=\"widget\" data-widget_type=\"heading.default\">\n\t\t\t\t<div class=\"elementor-widget-container\">\n\t\t\t<h2 class=\"elementor-heading-title elementor-size-default\">Amenez vos proches au Canada:<\/h2>\t\t<\/div>\n\t\t\t\t<\/div>\n\t\t\t\t<div class=\"elementor-element elementor-element-b567762 elementor-widget elementor-widget-text-editor\" data-id=\"b567762\" data-element_type=\"widget\" data-widget_type=\"text-editor.default\">\n\t\t\t\t<div class=\"elementor-widget-container\">\n\t\t\t\t\t\t\t\t<div class=\"elementor-text-editor elementor-clearfix\">\n\t\t\t\t<p>L&#8217;un des objectifs de l&#8217;immigration canadienne est de r\u00e9unir les familles. En tant que r\u00e9sident permanent ou citoyen canadien, vous pouvez parrainer certains de vos proches pour qu&#8217;ils vivent, \u00e9tudient et travaillent au Canada. Si vous avez au moins 18 ans, vous pouvez parrainer :<\/p><p><strong>-Votre conjoint, partenaire ou enfants \u00e0 charge en tant que membre de la cat\u00e9gorie du regroupement familial<\/strong><br \/><strong>-Vos parents et grands-parents<br \/><\/strong><br \/>Si vous souhaitez retrouver vos proches, veuillez r\u00e9server une consultation pour obtenir des conseils et de l&#8217;aide pour votre demande.<\/p>\t\t\t\t\t<\/div>\n\t\t\t\t\t\t<\/div>\n\t\t\t\t<\/div>\n\t\t\t\t<div class=\"elementor-element elementor-element-f949774 elementor-widget elementor-widget-button\" data-id=\"f949774\" data-element_type=\"widget\" data-widget_type=\"button.default\">\n\t\t\t\t<div class=\"elementor-widget-container\">\n\t\t\t\t\t<div class=\"elementor-button-wrapper\">\n\t\t\t<a href=\"https:\/\/gonsalvesinka.com\/?page_id=1376\" class=\"elementor-button-link elementor-button elementor-size-sm\" role=\"button\">\n\t\t\t\t\t\t<span class=\"elementor-button-content-wrapper\">\n\t\t\t\t\t\t<span class=\"elementor-button-text\">appliquer maintenant<\/span>\n\t\t<\/span>\n\t\t\t\t\t<\/a>\n\t\t<\/div>\n\t\t\t\t<\/div>\n\t\t\t\t<\/div>\n\t\t\t\t\t\t<\/div>\n\t\t\t\t\t<\/div>\n\t\t<\/div>\n\t\t\t\t<div class=\"elementor-column elementor-col-50 elementor-inner-column elementor-element elementor-element-a01d261\" data-id=\"a01d261\" data-element_type=\"column\">\n\t\t\t<div class=\"elementor-column-wrap elementor-element-populated\">\n\t\t\t\t\t\t\t<div class=\"elementor-widget-wrap\">\n\t\t\t\t\t\t<div class=\"elementor-element elementor-element-f9b9c7d elementor-widget elementor-widget-image\" data-id=\"f9b9c7d\" data-element_type=\"widget\" data-widget_type=\"image.default\">\n\t\t\t\t<div class=\"elementor-widget-container\">\n\t\t\t\t\t\t\t\t<div class=\"elementor-image\">\n\t\t\t\t\t\t\t\t\t\t\t\t<img decoding=\"async\" width=\"827\" height=\"1024\" src=\"https:\/\/gonsalvesinka.com\/wp-content\/uploads\/2022\/11\/rsz_pexels-cottonbro-6289790-827x1024.jpg\" class=\"attachment-large size-large\" alt=\"\" srcset=\"https:\/\/gonsalvesinka.com\/wp-content\/uploads\/2022\/11\/rsz_pexels-cottonbro-6289790-827x1024.jpg 827w, https:\/\/gonsalvesinka.com\/wp-content\/uploads\/2022\/11\/rsz_pexels-cottonbro-6289790-242x300.jpg 242w, https:\/\/gonsalvesinka.com\/wp-content\/uploads\/2022\/11\/rsz_pexels-cottonbro-6289790-768x951.jpg 768w, https:\/\/gonsalvesinka.com\/wp-content\/uploads\/2022\/11\/rsz_pexels-cottonbro-6289790-1240x1536.jpg 1240w, https:\/\/gonsalvesinka.com\/wp-content\/uploads\/2022\/11\/rsz_pexels-cottonbro-6289790-1653x2048.jpg 1653w, https:\/\/gonsalvesinka.com\/wp-content\/uploads\/2022\/11\/rsz_pexels-cottonbro-6289790.jpg 1998w\" sizes=\"(max-width: 827px) 100vw, 827px\" \/>\t\t\t\t\t\t\t\t\t\t\t\t\t\t<\/div>\n\t\t\t\t\t\t<\/div>\n\t\t\t\t<\/div>\n\t\t\t\t\t\t<\/div>\n\t\t\t\t\t<\/div>\n\t\t<\/div>\n\t\t\t\t\t\t\t\t<\/div>\n\t\t\t\t\t<\/div>\n\t\t<\/section>\n\t\t\t\t\t\t<\/div>\n\t\t\t\t\t<\/div>\n\t\t<\/div>\n\t\t\t\t\t\t\t\t<\/div>\n\t\t\t\t\t<\/div>\n\t\t<\/section>\n\t\t\t\t<section class=\"elementor-section elementor-top-section elementor-element elementor-element-efad586 elementor-section-boxed elementor-section-height-default elementor-section-height-default\" data-id=\"efad586\" data-element_type=\"section\">\n\t\t\t\t\t\t<div class=\"elementor-container elementor-column-gap-default\">\n\t\t\t\t\t\t\t<div class=\"elementor-row\">\n\t\t\t\t\t<div class=\"elementor-column elementor-col-100 elementor-top-column elementor-element elementor-element-0313511\" data-id=\"0313511\" data-element_type=\"column\">\n\t\t\t<div class=\"elementor-column-wrap elementor-element-populated\">\n\t\t\t\t\t\t\t<div class=\"elementor-widget-wrap\">\n\t\t\t\t\t\t<div class=\"elementor-element elementor-element-eb99cb1 elementor-widget elementor-widget-spacer\" data-id=\"eb99cb1\" data-element_type=\"widget\" data-widget_type=\"spacer.default\">\n\t\t\t\t<div class=\"elementor-widget-container\">\n\t\t\t\t\t<div class=\"elementor-spacer\">\n\t\t\t<div class=\"elementor-spacer-inner\"><\/div>\n\t\t<\/div>\n\t\t\t\t<\/div>\n\t\t\t\t<\/div>\n\t\t\t\t\t\t<\/div>\n\t\t\t\t\t<\/div>\n\t\t<\/div>\n\t\t\t\t\t\t\t\t<\/div>\n\t\t\t\t\t<\/div>\n\t\t<\/section>\n\t\t\t\t\t\t\t\t\t<\/div>\n\t\t\t<\/div>\n\t\t\t\t\t<\/div>\n\t\t","protected":false},"excerpt":{"rendered":"<p>Parrainage familial: Amenez vos proches au Canada: L&#8217;un des objectifs de l&#8217;immigration canadienne est de r\u00e9unir les familles. En tant que r\u00e9sident permanent ou citoyen canadien, vous pouvez parrainer certains de vos proches pour qu&#8217;ils vivent, \u00e9tudient et travaillent au Canada. Si vous avez au moins 18 ans, vous pouvez parrainer : -Votre conjoint, partenaire &hellip;<\/p>\n<p class=\"read-more\"> <a class=\"\" href=\"https:\/\/gonsalvesinka.com\/?page_id=2069&#038;lang=fr\"> <span class=\"screen-reader-text\">Parrainage familial<\/span> Read More &raquo;<\/a><\/p>\n","protected":false},"author":1,"featured_media":0,"parent":0,"menu_order":0,"comment_status":"closed","ping_status":"closed","template":"","meta":{"site-sidebar-layout":"no-sidebar","site-content-layout":"page-builder","ast-global-header-display":"","ast-main-header-display":"","ast-hfb-above-header-display":"","ast-hfb-below-header-display":"","ast-hfb-mobile-header-display":"","site-post-title":"disabled","ast-breadcrumbs-content":"","ast-featured-img":"disabled","footer-sml-layout":"","theme-transparent-header-meta":"","adv-header-id-meta":"","stick-header-meta":"","header-above-stick-meta":"","header-main-stick-meta":"","header-below-stick-meta":""},"yoast_head":"<!-- This site is optimized with the Yoast SEO plugin v19.10 - https:\/\/yoast.com\/wordpress\/plugins\/seo\/ -->\n<title>Parrainage familial - gonsalvesinka.com<\/title>\n<meta name=\"robots\" content=\"index, follow, max-snippet:-1, max-image-preview:large, max-video-preview:-1\" \/>\n<link rel=\"canonical\" href=\"https:\/\/gonsalvesinka.com\/?page_id=2069&lang=fr\" \/>\n<meta property=\"og:locale\" content=\"en_US\" \/>\n<meta property=\"og:type\" content=\"article\" \/>\n<meta property=\"og:title\" content=\"Parrainage familial - gonsalvesinka.com\" \/>\n<meta property=\"og:description\" content=\"Parrainage familial: Amenez vos proches au Canada: L&#8217;un des objectifs de l&#8217;immigration canadienne est de r\u00e9unir les familles. En tant que r\u00e9sident permanent ou citoyen canadien, vous pouvez parrainer certains de vos proches pour qu&#8217;ils vivent, \u00e9tudient et travaillent au Canada. Si vous avez au moins 18 ans, vous pouvez parrainer : -Votre conjoint, partenaire &hellip; Parrainage familial Read More &raquo;\" \/>\n<meta property=\"og:url\" content=\"https:\/\/gonsalvesinka.com\/?page_id=2069&amp;lang=fr\" \/>\n<meta property=\"og:site_name\" content=\"gonsalvesinka.com\" \/>\n<meta property=\"article:publisher\" content=\"https:\/\/www.facebook.com\/profile.php?id=100087427837532\" \/>\n<meta property=\"article:modified_time\" content=\"2022-11-26T18:35:01+00:00\" \/>\n<meta property=\"og:image\" content=\"https:\/\/gonsalvesinka.com\/wp-content\/uploads\/2022\/11\/rsz_pexels-cottonbro-6289790-827x1024.jpg\" \/>\n<meta name=\"twitter:card\" content=\"summary_large_image\" \/>\n<meta name=\"twitter:label1\" content=\"Est. reading time\" \/>\n\t<meta name=\"twitter:data1\" content=\"1 minute\" \/>\n<script type=\"application\/ld+json\" class=\"yoast-schema-graph\">{\"@context\":\"https:\/\/schema.org\",\"@graph\":[{\"@type\":\"WebPage\",\"@id\":\"https:\/\/gonsalvesinka.com\/?page_id=2069&lang=fr\",\"url\":\"https:\/\/gonsalvesinka.com\/?page_id=2069&lang=fr\",\"name\":\"Parrainage familial - gonsalvesinka.com\",\"isPartOf\":{\"@id\":\"https:\/\/gonsalvesinka.com\/#website\"},\"datePublished\":\"2022-10-16T12:31:17+00:00\",\"dateModified\":\"2022-11-26T18:35:01+00:00\",\"breadcrumb\":{\"@id\":\"https:\/\/gonsalvesinka.com\/?page_id=2069&lang=fr#breadcrumb\"},\"inLanguage\":\"en-US\",\"potentialAction\":[{\"@type\":\"ReadAction\",\"target\":[\"https:\/\/gonsalvesinka.com\/?page_id=2069&lang=fr\"]}]},{\"@type\":\"BreadcrumbList\",\"@id\":\"https:\/\/gonsalvesinka.com\/?page_id=2069&lang=fr#breadcrumb\",\"itemListElement\":[{\"@type\":\"ListItem\",\"position\":1,\"name\":\"Home\",\"item\":\"https:\/\/gonsalvesinka.com\/\"},{\"@type\":\"ListItem\",\"position\":2,\"name\":\"Parrainage familial\"}]},{\"@type\":\"WebSite\",\"@id\":\"https:\/\/gonsalvesinka.com\/#website\",\"url\":\"https:\/\/gonsalvesinka.com\/\",\"name\":\"gonsalvesinka.com\",\"description\":\"Professional, Confidential Efficient Immigration Services.\",\"publisher\":{\"@id\":\"https:\/\/gonsalvesinka.com\/#organization\"},\"potentialAction\":[{\"@type\":\"SearchAction\",\"target\":{\"@type\":\"EntryPoint\",\"urlTemplate\":\"https:\/\/gonsalvesinka.com\/?s={search_term_string}\"},\"query-input\":\"required name=search_term_string\"}],\"inLanguage\":\"en-US\"},{\"@type\":\"Organization\",\"@id\":\"https:\/\/gonsalvesinka.com\/#organization\",\"name\":\"gonsalvesinka.com\",\"url\":\"https:\/\/gonsalvesinka.com\/\",\"logo\":{\"@type\":\"ImageObject\",\"inLanguage\":\"en-US\",\"@id\":\"https:\/\/gonsalvesinka.com\/#\/schema\/logo\/image\/\",\"url\":\"https:\/\/gonsalvesinka.com\/wp-content\/uploads\/2022\/11\/logo-FB-01-scaled.jpg\",\"contentUrl\":\"https:\/\/gonsalvesinka.com\/wp-content\/uploads\/2022\/11\/logo-FB-01-scaled.jpg\",\"width\":2560,\"height\":2340,\"caption\":\"gonsalvesinka.com\"},\"image\":{\"@id\":\"https:\/\/gonsalvesinka.com\/#\/schema\/logo\/image\/\"},\"sameAs\":[\"https:\/\/www.facebook.com\/profile.php?id=100087427837532\"]}]}<\/script>\n<!-- \/ Yoast SEO plugin. -->","yoast_head_json":{"title":"Parrainage familial - gonsalvesinka.com","robots":{"index":"index","follow":"follow","max-snippet":"max-snippet:-1","max-image-preview":"max-image-preview:large","max-video-preview":"max-video-preview:-1"},"canonical":"https:\/\/gonsalvesinka.com\/?page_id=2069&lang=fr","og_locale":"en_US","og_type":"article","og_title":"Parrainage familial - gonsalvesinka.com","og_description":"Parrainage familial: Amenez vos proches au Canada: L&#8217;un des objectifs de l&#8217;immigration canadienne est de r\u00e9unir les familles. En tant que r\u00e9sident permanent ou citoyen canadien, vous pouvez parrainer certains de vos proches pour qu&#8217;ils vivent, \u00e9tudient et travaillent au Canada. Si vous avez au moins 18 ans, vous pouvez parrainer : -Votre conjoint, partenaire &hellip; Parrainage familial Read More &raquo;","og_url":"https:\/\/gonsalvesinka.com\/?page_id=2069&lang=fr","og_site_name":"gonsalvesinka.com","article_publisher":"https:\/\/www.facebook.com\/profile.php?id=100087427837532","article_modified_time":"2022-11-26T18:35:01+00:00","og_image":[{"url":"https:\/\/gonsalvesinka.com\/wp-content\/uploads\/2022\/11\/rsz_pexels-cottonbro-6289790-827x1024.jpg"}],"twitter_card":"summary_large_image","twitter_misc":{"Est. reading time":"1 minute"},"schema":{"@context":"https:\/\/schema.org","@graph":[{"@type":"WebPage","@id":"https:\/\/gonsalvesinka.com\/?page_id=2069&lang=fr","url":"https:\/\/gonsalvesinka.com\/?page_id=2069&lang=fr","name":"Parrainage familial - gonsalvesinka.com","isPartOf":{"@id":"https:\/\/gonsalvesinka.com\/#website"},"datePublished":"2022-10-16T12:31:17+00:00","dateModified":"2022-11-26T18:35:01+00:00","breadcrumb":{"@id":"https:\/\/gonsalvesinka.com\/?page_id=2069&lang=fr#breadcrumb"},"inLanguage":"en-US","potentialAction":[{"@type":"ReadAction","target":["https:\/\/gonsalvesinka.com\/?page_id=2069&lang=fr"]}]},{"@type":"BreadcrumbList","@id":"https:\/\/gonsalvesinka.com\/?page_id=2069&lang=fr#breadcrumb","itemListElement":[{"@type":"ListItem","position":1,"name":"Home","item":"https:\/\/gonsalvesinka.com\/"},{"@type":"ListItem","position":2,"name":"Parrainage familial"}]},{"@type":"WebSite","@id":"https:\/\/gonsalvesinka.com\/#website","url":"https:\/\/gonsalvesinka.com\/","name":"gonsalvesinka.com","description":"Professional, Confidential Efficient Immigration Services.","publisher":{"@id":"https:\/\/gonsalvesinka.com\/#organization"},"potentialAction":[{"@type":"SearchAction","target":{"@type":"EntryPoint","urlTemplate":"https:\/\/gonsalvesinka.com\/?s={search_term_string}"},"query-input":"required name=search_term_string"}],"inLanguage":"en-US"},{"@type":"Organization","@id":"https:\/\/gonsalvesinka.com\/#organization","name":"gonsalvesinka.com","url":"https:\/\/gonsalvesinka.com\/","logo":{"@type":"ImageObject","inLanguage":"en-US","@id":"https:\/\/gonsalvesinka.com\/#\/schema\/logo\/image\/","url":"https:\/\/gonsalvesinka.com\/wp-content\/uploads\/2022\/11\/logo-FB-01-scaled.jpg","contentUrl":"https:\/\/gonsalvesinka.com\/wp-content\/uploads\/2022\/11\/logo-FB-01-scaled.jpg","width":2560,"height":2340,"caption":"gonsalvesinka.com"},"image":{"@id":"https:\/\/gonsalvesinka.com\/#\/schema\/logo\/image\/"},"sameAs":["https:\/\/www.facebook.com\/profile.php?id=100087427837532"]}]}},"_links":{"self":[{"href":"https:\/\/gonsalvesinka.com\/index.php?rest_route=\/wp\/v2\/pages\/2069"}],"collection":[{"href":"https:\/\/gonsalvesinka.com\/index.php?rest_route=\/wp\/v2\/pages"}],"about":[{"href":"https:\/\/gonsalvesinka.com\/index.php?rest_route=\/wp\/v2\/types\/page"}],"author":[{"embeddable":true,"href":"https:\/\/gonsalvesinka.com\/index.php?rest_route=\/wp\/v2\/users\/1"}],"replies":[{"embeddable":true,"href":"https:\/\/gonsalvesinka.com\/index.php?rest_route=%2Fwp%2Fv2%2Fcomments&post=2069"}],"version-history":[{"count":8,"href":"https:\/\/gonsalvesinka.com\/index.php?rest_route=\/wp\/v2\/pages\/2069\/revisions"}],"predecessor-version":[{"id":2209,"href":"https:\/\/gonsalvesinka.com\/index.php?rest_route=\/wp\/v2\/pages\/2069\/revisions\/2209"}],"wp:attachment":[{"href":"https:\/\/gonsalvesinka.com\/index.php?rest_route=%2Fwp%2Fv2%2Fmedia&parent=2069"}],"curies":[{"name":"wp","href":"https:\/\/api.w.org\/{rel}","templated":true}]}}